{"id":1436,"date":"2022-01-23T04:59:28","date_gmt":"2022-01-23T03:59:28","guid":{"rendered":"https:\/\/fr.geoguy.org\/blogs\/?page_id=1436"},"modified":"2022-01-24T17:52:23","modified_gmt":"2022-01-24T16:52:23","slug":"juste-un-jaime-pour-nous-soutenir","status":"publish","type":"page","link":"https:\/\/fr.geoguy.org\/blogs\/juste-un-jaime-pour-nous-soutenir\/","title":{"rendered":"Juste un J&rsquo;AIME pour nous soutenir!"},"content":{"rendered":"\n<p class=\"has-medium-font-size\">Vous nous suivez depuis longtemps, vous appr\u00e9ciez ce que nous faisons et aimeriez nous donner un coup de main. Voici quelque chose que vous pouvez faire pour nous gratuitement. Mais qui peut sensiblement nous aider et nous permettre d&rsquo;am\u00e9liorer le service que nous vous rendons.<\/p>\n\n\n\n<p class=\"has-medium-font-size\">Nous participons chez total Energie \u00e0 un concours de meilleur Start-up (Entrepreneur) de moins de 3ans. Nous avons d\u00e9j\u00e0 franchie 2 premi\u00e8res \u00e9tapes:<\/p>\n\n\n\n<ol class=\"has-medium-font-size\"><li>Validation de la candidature<\/li><li>S\u00e9lection du dossier<\/li><\/ol>\n\n\n\n<p class=\"has-medium-font-size\">Il ne reste plus que la preuve de votre soutien!<\/p>\n\n\n\n<p class=\"has-medium-font-size\">Merci de cliquer sur le lien suivant: <a href=\"https:\/\/startupper.totalenergies.com\/juries\/92rGuTd6_9AxrtbkG4v4hQ\/participations\/21569\/vote?order=random&amp;scope=all\">Soutenez-nous<\/a> .<\/p>\n\n\n\n<p class=\"has-medium-font-size\">Une fois sur la page Total Energy, cliquez sur le bouton rouge <strong>SOUTENIR LE PROJET.<\/strong><\/p>\n\n\n\n<figure class=\"wp-block-image size-large\"><img loading=\"lazy\" width=\"1024\" height=\"460\" src=\"https:\/\/fr.geoguy.org\/blogs\/wp-content\/uploads\/sites\/2\/2022\/01\/soutenir-projet-geoguys-1024x460.png\" alt=\"\" class=\"wp-image-1488\" srcset=\"https:\/\/fr.geoguy.org\/blogs\/wp-content\/uploads\/sites\/2\/2022\/01\/soutenir-projet-geoguys-1024x460.png 1024w, https:\/\/fr.geoguy.org\/blogs\/wp-content\/uploads\/sites\/2\/2022\/01\/soutenir-projet-geoguys-300x135.png 300w, https:\/\/fr.geoguy.org\/blogs\/wp-content\/uploads\/sites\/2\/2022\/01\/soutenir-projet-geoguys-768x345.png 768w, https:\/\/fr.geoguy.org\/blogs\/wp-content\/uploads\/sites\/2\/2022\/01\/soutenir-projet-geoguys.png 1362w\" sizes=\"(max-width: 1024px) 100vw, 1024px\" \/><\/figure>\n\n\n\n<p class=\"has-medium-font-size\">Il vous sera ensuite demande de cr\u00e9er un compte, ne vous inqui\u00e8te pas ca ne prend que quelque minute. Ce compte servira \u00e0 Total Energies de vous envoyer des nouveaux concours, qui sait peut-\u00eatre que vous en aurez besoin vous aussi. <\/p>\n\n\n\n<p class=\"has-medium-font-size\">Et en suite valider votre compte par mail et faites votre vote.<\/p>\n\n\n\n<p class=\"has-medium-font-size\">Merci d&rsquo;avance.<\/p>\n\n\n\n<div class=\"wp-container-1 wp-block-buttons is-content-justification-center\">\n<div class=\"wp-block-button\"><a class=\"wp-block-button__link has-vivid-green-cyan-background-color has-background\" href=\"https:\/\/startupper.totalenergies.com\/juries\/92rGuTd6_9AxrtbkG4v4hQ\/participations\/21569\/vote?order=random&amp;scope=all\" target=\"_blank\" rel=\"noreferrer noopener\">SOUTENEZ-NOUS<\/a><\/div>\n<\/div>\n","protected":false},"excerpt":{"rendered":"<p>Vous nous suivez depuis longtemps, vous appr\u00e9ciez ce que nous faisons et aimeriez nous donner un coup de main. Voici quelque chose que vous pouvez &hellip; <\/p>\n","protected":false},"author":1,"featured_media":1435,"parent":0,"menu_order":0,"comment_status":"closed","ping_status":"closed","template":"","meta":{"pmpro_default_level":0,"_monsterinsights_skip_tracking":false,"_monsterinsights_sitenote_active":false,"_monsterinsights_sitenote_note":"","_monsterinsights_sitenote_category":0},"_links":{"self":[{"href":"https:\/\/fr.geoguy.org\/blogs\/wp-json\/wp\/v2\/pages\/1436"}],"collection":[{"href":"https:\/\/fr.geoguy.org\/blogs\/wp-json\/wp\/v2\/pages"}],"about":[{"href":"https:\/\/fr.geoguy.org\/blogs\/wp-json\/wp\/v2\/types\/page"}],"author":[{"embeddable":true,"href":"https:\/\/fr.geoguy.org\/blogs\/wp-json\/wp\/v2\/users\/1"}],"replies":[{"embeddable":true,"href":"https:\/\/fr.geoguy.org\/blogs\/wp-json\/wp\/v2\/comments?post=1436"}],"version-history":[{"count":0,"href":"https:\/\/fr.geoguy.org\/blogs\/wp-json\/wp\/v2\/pages\/1436\/revisions"}],"wp:featuredmedia":[{"embeddable":true,"href":"https:\/\/fr.geoguy.org\/blogs\/wp-json\/wp\/v2\/media\/1435"}],"wp:attachment":[{"href":"https:\/\/fr.geoguy.org\/blogs\/wp-json\/wp\/v2\/media?parent=1436"}],"curies":[{"name":"wp","href":"https:\/\/api.w.org\/{rel}","templated":true}]}}