{"id":78,"date":"2021-01-14T09:24:34","date_gmt":"2021-01-14T08:24:34","guid":{"rendered":"https:\/\/fr.geoguy.org\/blogs\/?page_id=78"},"modified":"2021-01-14T09:31:37","modified_gmt":"2021-01-14T08:31:37","slug":"politique-de-confidentialite","status":"publish","type":"page","link":"https:\/\/fr.geoguy.org\/blogs\/politique-de-confidentialite\/","title":{"rendered":"Politique de Confidentialit\u00e9"},"content":{"rendered":"\n<p>Le site <a href=\"https:\/\/fr.geoguy.org\/blogs\/\" target=\"_blank\" rel=\"noreferrer noopener\">fr.geoguy.fr<\/a> appartient \u00e0 la soci\u00e9t\u00e9 Geoguys SARLU, au capital de 2000 CDF.<\/p>\n\n\n\n<ul><li>Adresse: N\u00b03231, Av. De l\u2019\u00e9glise, Q. Gambela ll, C. Annexe, Lubumbashi.<\/li><li>Identification Nationale: 05-P8501-N69099N<\/li><li>RCCM&nbsp;: CD\/LSH\/RCCM\/20-B-00502<\/li><li>Num\u00e9ro d\u2019Impot: A2044026C<\/li><li>Directeur de publication&nbsp;: Guylain Katombe<\/li><li>Contact: contact@geoguy.org<\/li><li>Le site est h\u00e9berg\u00e9 par la Soci\u00e9t\u00e9 Ligne Web Services (LWS), 10. RUE PENTHIEVRE, 75008 PARIS. France<\/li><\/ul>\n\n\n\n<p>Tous nos utilisateurs b\u00e9n\u00e9ficie d\u2019un droit d\u2019acc\u00e8s et de rectification aux informations qui les concernent, qu\u2019ils peuvent exercer en s\u2019adressant \u00e0 l\u2019administrateur du site, via email en utilisant&nbsp;<a href=\"https:\/\/geoguy.org\/contact-services-geoguys\/\">la page de contact.<\/a><\/p>\n\n\n\n<p>Votre email est collect\u00e9 pour vous faire parvenir nos nouveaux articles, nouvelles vid\u00e9os et nos offres commerciales, dans le strict respect de la r\u00e9glementation sur la collecte des donn\u00e9es. Vos donn\u00e9es ne seront jamais revendues \u00e0&nbsp;des tiers.<\/p>\n\n\n\n<p>Tous les emails envoy\u00e9s contiennent un lien de d\u00e9sinscription qui permet de ne plus recevoir de message. Les emails collect\u00e9s sont stock\u00e9s par&nbsp;Mailchimp et MailPoet des auto-r\u00e9pondeurs les plus fiables et parmi les plus utilis\u00e9s dans le monde.<\/p>\n\n\n\n<p>Geoguys utilise&nbsp;le pixel Facebook et Google. Cette technologie permet \u00e0 Facebook et Google d\u2019identifier, parmi les visiteurs de Geoguys, ceux qui poss\u00e8dent un compte Facebook et Google. Cette strat\u00e9gie est utilis\u00e9e \u00e0 des fins marketing, afin de proposer, \u00e9ventuellement, des publicit\u00e9s cibl\u00e9es sur les pages Facebook des utilisateurs ou sur Google et Youtube.<\/p>\n\n\n\n<p>Paiement s\u00e9curis\u00e9: Geoguys utilise les services de&nbsp;PayPal&nbsp;pour s\u00e9curiser les paiements. Cette soci\u00e9t\u00e9 est parmi les leaders mondiaux en la mati\u00e8re, et pr\u00e9sentent toutes les garanties de protection des consommateurs.<\/p>\n\n\n\n<p>Geoguys utilise le service&nbsp;Vimeo&nbsp;pour h\u00e9berger ses Vid\u00e9os et les faire parvenir \u00e0 ses acheteurs par voie \u00e9lectronique.<\/p>\n\n\n\n<p>Vous pouvez \u00e9galement vous opposer au traitement des donn\u00e9es vous concernant. Adressez-vous \u00e0 l\u2019administrateur du site, Guylain Katombe, en utilisant&nbsp;<a href=\"https:\/\/geoguy.org\/contact-services-geoguys\/\">la page de contact.<\/a><\/p>\n\n\n\n<p>Vos donn\u00e9es personnelles sont conserv\u00e9es de mani\u00e8re confidentielles et ne sont ni c\u00e9d\u00e9es ni vendues \u00e0 des tiers.<\/p>\n","protected":false},"excerpt":{"rendered":"<p>Le site fr.geoguy.fr appartient \u00e0 la soci\u00e9t\u00e9 Geoguys SARLU, au capital de 2000 CDF. Adresse: N\u00b03231, Av. De l\u2019\u00e9glise, Q. Gambela ll, C. Annexe, Lubumbashi. &hellip; <\/p>\n","protected":false},"author":1,"featured_media":0,"parent":0,"menu_order":0,"comment_status":"closed","ping_status":"closed","template":"","meta":{"pmpro_default_level":0,"_monsterinsights_skip_tracking":false,"_monsterinsights_sitenote_active":false,"_monsterinsights_sitenote_note":"","_monsterinsights_sitenote_category":0},"_links":{"self":[{"href":"https:\/\/fr.geoguy.org\/blogs\/wp-json\/wp\/v2\/pages\/78"}],"collection":[{"href":"https:\/\/fr.geoguy.org\/blogs\/wp-json\/wp\/v2\/pages"}],"about":[{"href":"https:\/\/fr.geoguy.org\/blogs\/wp-json\/wp\/v2\/types\/page"}],"author":[{"embeddable":true,"href":"https:\/\/fr.geoguy.org\/blogs\/wp-json\/wp\/v2\/users\/1"}],"replies":[{"embeddable":true,"href":"https:\/\/fr.geoguy.org\/blogs\/wp-json\/wp\/v2\/comments?post=78"}],"version-history":[{"count":0,"href":"https:\/\/fr.geoguy.org\/blogs\/wp-json\/wp\/v2\/pages\/78\/revisions"}],"wp:attachment":[{"href":"https:\/\/fr.geoguy.org\/blogs\/wp-json\/wp\/v2\/media?parent=78"}],"curies":[{"name":"wp","href":"https:\/\/api.w.org\/{rel}","templated":true}]}}