{"id":433,"date":"2022-09-02T21:57:05","date_gmt":"2022-09-02T19:57:05","guid":{"rendered":"https:\/\/fr.geoguy.org\/ebooks\/?page_id=433"},"modified":"2022-09-04T17:15:58","modified_gmt":"2022-09-04T15:15:58","slug":"accueil","status":"publish","type":"page","link":"https:\/\/fr.geoguy.org\/ebooks\/","title":{"rendered":"Accueil"},"content":{"rendered":"\t\t<div data-elementor-type=\"wp-page\" data-elementor-id=\"433\" class=\"elementor elementor-433\" data-elementor-settings=\"[]\">\n\t\t\t\t\t\t\t<div class=\"elementor-section-wrap\">\n\t\t\t\t\t\t\t<section class=\"elementor-section elementor-top-section elementor-element elementor-element-e07bf30 elementor-section-boxed elementor-section-height-default elementor-section-height-default\" data-id=\"e07bf30\" data-element_type=\"section\">\n\t\t\t\t\t\t<div class=\"elementor-container elementor-column-gap-default\">\n\t\t\t\t\t<div class=\"elementor-column elementor-col-50 elementor-top-column elementor-element elementor-element-3b38cc4\" data-id=\"3b38cc4\" data-element_type=\"column\">\n\t\t\t<div class=\"elementor-widget-wrap elementor-element-populated\">\n\t\t\t\t\t\t\t\t<div class=\"elementor-element elementor-element-1c1a045 elementor-widget elementor-widget-heading\" data-id=\"1c1a045\" data-element_type=\"widget\" data-widget_type=\"heading.default\">\n\t\t\t\t<div class=\"elementor-widget-container\">\n\t\t\t<h2 class=\"elementor-heading-title elementor-size-default\">La route vers la connaissance<\/h2>\t\t<\/div>\n\t\t\t\t<\/div>\n\t\t\t\t<div class=\"elementor-element elementor-element-6d6c881 elementor-widget elementor-widget-text-editor\" data-id=\"6d6c881\" data-element_type=\"widget\" data-widget_type=\"text-editor.default\">\n\t\t\t\t<div class=\"elementor-widget-container\">\n\t\t\t\t\t<div class=\"elementor-text-editor elementor-clearfix\"><p>Devenez maitre de votre destin. Gagner des nouvelles comp\u00e9tences \u00e0 travers des livres \u00e9lectroniques dument \u00e9crit pour vous guider pas \u00e0 pas.<\/p><\/div>\n\t\t\t\t<\/div>\n\t\t\t\t<\/div>\n\t\t\t\t<div class=\"elementor-element elementor-element-0488d75 elementor-widget elementor-widget-text-editor\" data-id=\"0488d75\" data-element_type=\"widget\" data-widget_type=\"text-editor.default\">\n\t\t\t\t<div class=\"elementor-widget-container\">\n\t\t\t\t\t<div class=\"elementor-text-editor elementor-clearfix\"><p>De la cartographie num\u00e9rique \u00e0 la mod\u00e9lisation g\u00e9ologique, de l&rsquo;estimation de ressources \u00e0 de la planification mini\u00e8re. Maitrisez des multiples comp\u00e9tences avec les g\u00e9o-logiciels du moment. Qu&rsquo;il s&rsquo;agissent d&rsquo;ArcGis, QGis, MapInfo, Surfer, Google earth, Surpac, Leapfrog, Vulcan, Minesched etc.<\/p><\/div>\n\t\t\t\t<\/div>\n\t\t\t\t<\/div>\n\t\t\t\t<div class=\"elementor-element elementor-element-75db901 elementor-align-center elementor-widget elementor-widget-button\" data-id=\"75db901\" data-element_type=\"widget\" data-widget_type=\"button.default\">\n\t\t\t\t<div class=\"elementor-widget-container\">\n\t\t\t\t\t<div class=\"elementor-button-wrapper\">\n\t\t\t<a href=\"#\" class=\"elementor-button-link elementor-button elementor-size-sm\" role=\"button\">\n\t\t\t\t\t\t<span class=\"elementor-button-content-wrapper\">\n\t\t\t\t\t\t<span class=\"elementor-button-text\">Lire plus<\/span>\n\t\t<\/span>\n\t\t\t\t\t<\/a>\n\t\t<\/div>\n\t\t\t\t<\/div>\n\t\t\t\t<\/div>\n\t\t\t\t\t<\/div>\n\t\t<\/div>\n\t\t\t\t<div class=\"elementor-column elementor-col-50 elementor-top-column elementor-element elementor-element-7f9a734\" data-id=\"7f9a734\" data-element_type=\"column\">\n\t\t\t<div class=\"elementor-widget-wrap elementor-element-populated\">\n\t\t\t\t\t\t\t\t<div class=\"elementor-element elementor-element-b4532de elementor-widget elementor-widget-image\" data-id=\"b4532de\" data-element_type=\"widget\" data-widget_type=\"image.default\">\n\t\t\t\t<div class=\"elementor-widget-container\">\n\t\t\t\t\t<div class=\"elementor-image\">\n\t\t\t\t\t\t\t\t\t\t<img width=\"1024\" height=\"570\" src=\"https:\/\/fr.geoguy.org\/ebooks\/wp-content\/uploads\/sites\/7\/2022\/09\/1formation-payer-1livre-offert-1024x570-1.png\" class=\"attachment-2048x2048 size-2048x2048\" alt=\"g\u00e9ologie logiciel pdf\" loading=\"lazy\" srcset=\"https:\/\/fr.geoguy.org\/ebooks\/wp-content\/uploads\/sites\/7\/2022\/09\/1formation-payer-1livre-offert-1024x570-1.png 1024w, https:\/\/fr.geoguy.org\/ebooks\/wp-content\/uploads\/sites\/7\/2022\/09\/1formation-payer-1livre-offert-1024x570-1-300x167.png 300w, https:\/\/fr.geoguy.org\/ebooks\/wp-content\/uploads\/sites\/7\/2022\/09\/1formation-payer-1livre-offert-1024x570-1-768x428.png 768w, https:\/\/fr.geoguy.org\/ebooks\/wp-content\/uploads\/sites\/7\/2022\/09\/1formation-payer-1livre-offert-1024x570-1-600x334.png 600w\" sizes=\"(max-width: 1024px) 100vw, 1024px\" \/>\t\t\t\t\t\t\t\t\t\t\t<\/div>\n\t\t\t\t<\/div>\n\t\t\t\t<\/div>\n\t\t\t\t<div class=\"elementor-element elementor-element-b264302 elementor-align-center elementor-widget elementor-widget-button\" data-id=\"b264302\" data-element_type=\"widget\" data-widget_type=\"button.default\">\n\t\t\t\t<div class=\"elementor-widget-container\">\n\t\t\t\t\t<div class=\"elementor-button-wrapper\">\n\t\t\t<a href=\"https:\/\/fr.geoguy.org\/ebooks\/boutique\/\" class=\"elementor-button-link elementor-button elementor-size-sm\" role=\"button\">\n\t\t\t\t\t\t<span class=\"elementor-button-content-wrapper\">\n\t\t\t\t\t\t<span class=\"elementor-button-text\">Acheter<\/span>\n\t\t<\/span>\n\t\t\t\t\t<\/a>\n\t\t<\/div>\n\t\t\t\t<\/div>\n\t\t\t\t<\/div>\n\t\t\t\t\t<\/div>\n\t\t<\/div>\n\t\t\t\t\t\t\t<\/div>\n\t\t<\/section>\n\t\t\t\t\t\t<\/div>\n\t\t\t\t\t<\/div>\n\t\t","protected":false},"excerpt":{"rendered":"<p>La route vers la connaissance Devenez maitre de votre destin. Gagner des nouvelles comp\u00e9tences \u00e0 travers des livres \u00e9lectroniques dument \u00e9crit pour vous guider pas \u00e0 pas. De la cartographie num\u00e9rique \u00e0 la mod\u00e9lisation g\u00e9ologique, de l&rsquo;estimation de ressources \u00e0 de la planification mini\u00e8re. Maitrisez des multiples comp\u00e9tences avec les g\u00e9o-logiciels du moment. Qu&rsquo;il s&rsquo;agissent &hellip; <\/p>\n","protected":false},"author":1,"featured_media":0,"parent":0,"menu_order":0,"comment_status":"closed","ping_status":"closed","template":"","meta":{"_monsterinsights_skip_tracking":false,"_monsterinsights_sitenote_active":false,"_monsterinsights_sitenote_note":"","_monsterinsights_sitenote_category":0},"aioseo_notices":[],"_links":{"self":[{"href":"https:\/\/fr.geoguy.org\/ebooks\/wp-json\/wp\/v2\/pages\/433"}],"collection":[{"href":"https:\/\/fr.geoguy.org\/ebooks\/wp-json\/wp\/v2\/pages"}],"about":[{"href":"https:\/\/fr.geoguy.org\/ebooks\/wp-json\/wp\/v2\/types\/page"}],"author":[{"embeddable":true,"href":"https:\/\/fr.geoguy.org\/ebooks\/wp-json\/wp\/v2\/users\/1"}],"replies":[{"embeddable":true,"href":"https:\/\/fr.geoguy.org\/ebooks\/wp-json\/wp\/v2\/comments?post=433"}],"version-history":[{"count":0,"href":"https:\/\/fr.geoguy.org\/ebooks\/wp-json\/wp\/v2\/pages\/433\/revisions"}],"wp:attachment":[{"href":"https:\/\/fr.geoguy.org\/ebooks\/wp-json\/wp\/v2\/media?parent=433"}],"curies":[{"name":"wp","href":"https:\/\/api.w.org\/{rel}","templated":true}]}}