{"id":470,"date":"2022-09-02T23:35:28","date_gmt":"2022-09-02T21:35:28","guid":{"rendered":"https:\/\/fr.geoguy.org\/ebooks\/?post_type=product&#038;p=470"},"modified":"2022-11-01T12:09:33","modified_gmt":"2022-11-01T11:09:33","slug":"pdf-surpac-dans-ma-poche-de-modelisation-lestimation-de-ressources","status":"publish","type":"product","link":"https:\/\/fr.geoguy.org\/ebooks\/produit\/pdf-surpac-dans-ma-poche-de-modelisation-lestimation-de-ressources\/","title":{"rendered":"Pdf Surpac dans ma poche: De mod\u00e9lisation \u00e0 l&rsquo;estimation de ressources"},"content":{"rendered":"","protected":false},"excerpt":{"rendered":"<p>Ce livre Guide pratique de Surpac\u00a0vous enseignera \u00e9tape par \u00e9tape comment r\u00e9aliser les taches importante d\u2019un projet minier.<\/p>\n<ul class=\"elementor-icon-list-items\">\n<li class=\"elementor-icon-list-item\"><span class=\"elementor-icon-list-text\">Titre: Pdf Surpac dans ma poche: De mod\u00e9lisation l&rsquo;estimation de ressources<\/span><\/li>\n<li class=\"elementor-icon-list-item\"><i class=\"fas fa-check\" aria-hidden=\"true\"><\/i><span class=\"elementor-icon-list-text\">Taille: 53,9\u00a0Mo<\/span><\/li>\n<li class=\"elementor-icon-list-item\"><i class=\"fas fa-check\" aria-hidden=\"true\"><\/i><span class=\"elementor-icon-list-text\">Nombre de pages: 419<\/span><\/li>\n<li class=\"elementor-icon-list-item\"><i class=\"fas fa-check\" aria-hidden=\"true\"><\/i><span class=\"elementor-icon-list-text\">Auteur: Guylain Katombe<\/span><\/li>\n<li class=\"elementor-icon-list-item\"><i class=\"fas fa-check\" aria-hidden=\"true\"><\/i><span class=\"elementor-icon-list-text\">Date d&rsquo;Edition: 28 D\u00e9cembre 2021<\/span><\/li>\n<\/ul>\n","protected":false},"featured_media":471,"comment_status":"open","ping_status":"closed","template":"","meta":{"_monsterinsights_skip_tracking":false,"_monsterinsights_sitenote_active":false,"_monsterinsights_sitenote_note":"","_monsterinsights_sitenote_category":0},"product_cat":[83,82,112],"product_tag":[115,116,88,117,114,118,119,120,87,113,121,122],"aioseo_notices":[],"_links":{"self":[{"href":"https:\/\/fr.geoguy.org\/ebooks\/wp-json\/wp\/v2\/product\/470"}],"collection":[{"href":"https:\/\/fr.geoguy.org\/ebooks\/wp-json\/wp\/v2\/product"}],"about":[{"href":"https:\/\/fr.geoguy.org\/ebooks\/wp-json\/wp\/v2\/types\/product"}],"replies":[{"embeddable":true,"href":"https:\/\/fr.geoguy.org\/ebooks\/wp-json\/wp\/v2\/comments?post=470"}],"wp:featuredmedia":[{"embeddable":true,"href":"https:\/\/fr.geoguy.org\/ebooks\/wp-json\/wp\/v2\/media\/471"}],"wp:attachment":[{"href":"https:\/\/fr.geoguy.org\/ebooks\/wp-json\/wp\/v2\/media?parent=470"}],"wp:term":[{"taxonomy":"product_cat","embeddable":true,"href":"https:\/\/fr.geoguy.org\/ebooks\/wp-json\/wp\/v2\/product_cat?post=470"},{"taxonomy":"product_tag","embeddable":true,"href":"https:\/\/fr.geoguy.org\/ebooks\/wp-json\/wp\/v2\/product_tag?post=470"}],"curies":[{"name":"wp","href":"https:\/\/api.w.org\/{rel}","templated":true}]}}