{"id":474,"date":"2022-09-04T06:58:19","date_gmt":"2022-09-04T04:58:19","guid":{"rendered":"https:\/\/fr.geoguy.org\/ebooks\/?post_type=product&#038;p=474"},"modified":"2023-05-13T13:44:11","modified_gmt":"2023-05-13T11:44:11","slug":"pdf-qgis-dans-ma-poche-guide-en-cartographie-sig","status":"publish","type":"product","link":"https:\/\/fr.geoguy.org\/ebooks\/produit\/pdf-qgis-dans-ma-poche-guide-en-cartographie-sig\/","title":{"rendered":"Pdf Qgis dans ma poche: Guide en cartographie &#038; SIG"},"content":{"rendered":"<p>Aimeriez-vous avoir une\u00a0<strong>meilleure Formation Qgis en PDF<\/strong>. Etre guid\u00e9 pas \u00e0 pas jusqu\u2019\u00e0 la maitrise de la\u00a0<strong>cartographie avec Qgis. <\/strong>Vous avez besoin d&rsquo;un <strong>Pdf Qgis cartographie SIG<\/strong><\/p>\n<p>C&rsquo;est un manuel <span style=\"font-size: 16px;\">qui vous indique image par image, avec de fl\u00e8ches qui vous montre exactement ce que vous devez faire. Vous y apprendrez comment:<\/span><\/p>\n<ul>\n<li>Comment cr\u00e9er une carte \u00e0 partir d\u2019un fichier Excel XYZ importer dans Surfer<\/li>\n<li>Comment g\u00e9oreferencer et digitaliser une carte<\/li>\n<li>Comme cr\u00e9er une carte 3D et faire sa mise en forme<\/li>\n<li>Comme t\u00e9l\u00e9charger gratuitement sur internet des cartes, les afficher sur Qgis et en extraire une partie et la personnaliser vous-m\u00eame<\/li>\n<\/ul>\n","protected":false},"excerpt":{"rendered":"<p><strong>Meilleure formation en cartographie et Sig de Qgis en PDF. Soyez guid\u00e9 pas \u00e0 pas jusqu\u2019\u00e0 la maitrise de la cartographie avec Qgis.<\/strong><\/p>\n<ul class=\"elementor-icon-list-items\">\n<li class=\"elementor-icon-list-item\"><strong><span class=\"elementor-icon-list-text\">Titre: Qgis dans ma poche.<\/span><\/strong><\/li>\n<li class=\"elementor-icon-list-item\"><strong><i class=\"fas fa-check\" aria-hidden=\"true\"><\/i><span class=\"elementor-icon-list-text\">Auteur: Guylain Katombe, <\/span><\/strong><\/li>\n<li class=\"elementor-icon-list-item\"><strong><i class=\"fas fa-check\" aria-hidden=\"true\"><\/i><span class=\"elementor-icon-list-text\">Poids: 29,3 Mo<\/span><\/strong><\/li>\n<li class=\"elementor-icon-list-item\"><strong><i class=\"fas fa-check\" aria-hidden=\"true\"><\/i><span class=\"elementor-icon-list-text\">Nombre de pages: 228<\/span><\/strong><\/li>\n<\/ul>\n","protected":false},"featured_media":540,"comment_status":"open","ping_status":"closed","template":"","meta":{"_monsterinsights_skip_tracking":false,"_monsterinsights_sitenote_active":false,"_monsterinsights_sitenote_note":"","_monsterinsights_sitenote_category":0},"product_cat":[124,135,96],"product_tag":[136,150,146,143,144,142,155,141,154,139,149,165,138,157,156,137,161,148,153,160,147,162,158,159,163,164,145,152,151,140],"aioseo_notices":[],"_links":{"self":[{"href":"https:\/\/fr.geoguy.org\/ebooks\/wp-json\/wp\/v2\/product\/474"}],"collection":[{"href":"https:\/\/fr.geoguy.org\/ebooks\/wp-json\/wp\/v2\/product"}],"about":[{"href":"https:\/\/fr.geoguy.org\/ebooks\/wp-json\/wp\/v2\/types\/product"}],"replies":[{"embeddable":true,"href":"https:\/\/fr.geoguy.org\/ebooks\/wp-json\/wp\/v2\/comments?post=474"}],"wp:featuredmedia":[{"embeddable":true,"href":"https:\/\/fr.geoguy.org\/ebooks\/wp-json\/wp\/v2\/media\/540"}],"wp:attachment":[{"href":"https:\/\/fr.geoguy.org\/ebooks\/wp-json\/wp\/v2\/media?parent=474"}],"wp:term":[{"taxonomy":"product_cat","embeddable":true,"href":"https:\/\/fr.geoguy.org\/ebooks\/wp-json\/wp\/v2\/product_cat?post=474"},{"taxonomy":"product_tag","embeddable":true,"href":"https:\/\/fr.geoguy.org\/ebooks\/wp-json\/wp\/v2\/product_tag?post=474"}],"curies":[{"name":"wp","href":"https:\/\/api.w.org\/{rel}","templated":true}]}}