{"id":20,"date":"2021-03-08T17:17:07","date_gmt":"2021-03-08T16:17:07","guid":{"rendered":"https:\/\/fr.geoguy.org\/guylainkatombe\/?page_id=20"},"modified":"2022-04-13T08:54:06","modified_gmt":"2022-04-13T06:54:06","slug":"accueil-2","status":"publish","type":"page","link":"https:\/\/fr.geoguy.org\/guylainkatombe\/","title":{"rendered":"Accueil"},"content":{"rendered":"\t\t<div data-elementor-type=\"wp-page\" data-elementor-id=\"20\" class=\"elementor elementor-20\" data-elementor-settings=\"[]\">\n\t\t\t\t\t\t\t<div class=\"elementor-section-wrap\">\n\t\t\t\t\t\t\t<section class=\"elementor-section elementor-top-section elementor-element elementor-element-41236c1 elementor-section-boxed elementor-section-height-default elementor-section-height-default\" data-id=\"41236c1\" data-element_type=\"section\" data-settings=\"{&quot;background_background&quot;:&quot;classic&quot;}\">\n\t\t\t\t\t\t<div class=\"elementor-container elementor-column-gap-default\">\n\t\t\t\t\t<div class=\"elementor-column elementor-col-33 elementor-top-column elementor-element elementor-element-25aaf78\" data-id=\"25aaf78\" data-element_type=\"column\">\n\t\t\t<div class=\"elementor-widget-wrap elementor-element-populated\">\n\t\t\t\t\t\t\t\t<div class=\"elementor-element elementor-element-5e63cac elementor-widget elementor-widget-image\" data-id=\"5e63cac\" data-element_type=\"widget\" data-widget_type=\"image.default\">\n\t\t\t\t<div class=\"elementor-widget-container\">\n\t\t\t\t\t<div class=\"elementor-image\">\n\t\t\t\t\t\t\t\t\t\t<img width=\"1024\" height=\"416\" src=\"https:\/\/fr.geoguy.org\/guylainkatombe\/wp-content\/uploads\/sites\/3\/2021\/02\/cropped-Guylain-Katombe-1024x416.png\" class=\"attachment-large size-large\" alt=\"Guylain katombe geoguys\" loading=\"lazy\" srcset=\"https:\/\/fr.geoguy.org\/guylainkatombe\/wp-content\/uploads\/sites\/3\/2021\/02\/cropped-Guylain-Katombe-1024x416.png 1024w, https:\/\/fr.geoguy.org\/guylainkatombe\/wp-content\/uploads\/sites\/3\/2021\/02\/cropped-Guylain-Katombe-300x122.png 300w, https:\/\/fr.geoguy.org\/guylainkatombe\/wp-content\/uploads\/sites\/3\/2021\/02\/cropped-Guylain-Katombe-768x312.png 768w, https:\/\/fr.geoguy.org\/guylainkatombe\/wp-content\/uploads\/sites\/3\/2021\/02\/cropped-Guylain-Katombe-1536x624.png 1536w, https:\/\/fr.geoguy.org\/guylainkatombe\/wp-content\/uploads\/sites\/3\/2021\/02\/cropped-Guylain-Katombe-148x60.png 148w, https:\/\/fr.geoguy.org\/guylainkatombe\/wp-content\/uploads\/sites\/3\/2021\/02\/cropped-Guylain-Katombe.png 1920w\" sizes=\"(max-width: 1024px) 100vw, 1024px\" \/>\t\t\t\t\t\t\t\t\t\t\t<\/div>\n\t\t\t\t<\/div>\n\t\t\t\t<\/div>\n\t\t\t\t\t<\/div>\n\t\t<\/div>\n\t\t\t\t<div class=\"elementor-column elementor-col-66 elementor-top-column elementor-element elementor-element-082304d\" data-id=\"082304d\" data-element_type=\"column\">\n\t\t\t<div class=\"elementor-widget-wrap elementor-element-populated\">\n\t\t\t\t\t\t\t\t<div class=\"elementor-element elementor-element-33c4ee3 elementor-widget elementor-widget-text-editor\" data-id=\"33c4ee3\" data-element_type=\"widget\" data-widget_type=\"text-editor.default\">\n\t\t\t\t<div class=\"elementor-widget-container\">\n\t\t\t\t\t<div class=\"elementor-text-editor elementor-clearfix\"><p>Certains le qualifie de <strong><span style=\"color: #333399;\">g\u00e9o-infopreneur<\/span><\/strong>, d\u2019autres de\u00a0\u00a0<strong><span style=\"color: #333399;\">formateur en g\u00e9o logiciel. <\/span><\/strong>Et beaucoup pensent aussi qu\u2019il est <strong><span style=\"color: #333399;\">chercheur<\/span><\/strong> et <span style=\"color: #333399;\"><strong>\u00e9crivain<\/strong><\/span>.<\/p><p>Voila autant de d\u00e9signations qui peuvent para\u00eetre contradictoire si l\u2019on ignore sa <strong>motivation<\/strong>.<\/p><p>Il est <span style=\"text-decoration: underline; color: #ff0000;\">celui qui aime donner aux autres la possibilit\u00e9 d\u2019apprendre comme il aurait voulu apprendre<\/span>.\u00a0<\/p><p>Se rendre comp\u00e9titif sur le march\u00e9 et exceller dans son domaine en utilisant <strong><span style=\"color: #333399;\">la puissance de g\u00e9o logiciel<\/span><\/strong>.<\/p><\/div>\n\t\t\t\t<\/div>\n\t\t\t\t<\/div>\n\t\t\t\t\t<\/div>\n\t\t<\/div>\n\t\t\t\t\t\t\t<\/div>\n\t\t<\/section>\n\t\t\t\t<section class=\"elementor-section elementor-top-section elementor-element elementor-element-8a60817 elementor-section-boxed elementor-section-height-default elementor-section-height-default\" data-id=\"8a60817\" data-element_type=\"section\">\n\t\t\t\t\t\t<div class=\"elementor-container elementor-column-gap-default\">\n\t\t\t\t\t<div class=\"elementor-column elementor-col-100 elementor-top-column elementor-element elementor-element-8b70ca4\" data-id=\"8b70ca4\" data-element_type=\"column\">\n\t\t\t<div class=\"elementor-widget-wrap elementor-element-populated\">\n\t\t\t\t\t\t\t\t<div class=\"elementor-element elementor-element-d0474fa elementor-widget elementor-widget-text-editor\" data-id=\"d0474fa\" data-element_type=\"widget\" data-widget_type=\"text-editor.default\">\n\t\t\t\t<div class=\"elementor-widget-container\">\n\t\t\t\t\t<div class=\"elementor-text-editor elementor-clearfix\"><p>C&rsquo;est ainsi que guider par cette <strong>qui\u00e8te<\/strong>, il s&rsquo;est vu cr\u00e9er en d\u00e9cembre 2017 la <span style=\"text-decoration: underline;\"><span style=\"color: #333399;\"><strong>plateforme Geoguys<\/strong><\/span><\/span>, puis une <span style=\"text-decoration: underline;\"><span style=\"color: #333399;\"><strong>chaine youtube<\/strong><\/span><\/span> en 2018 et ensuite un <span style=\"color: #333399;\"><strong>blog<\/strong><\/span> en 2021. Et cela sans compter plusieurs livres de version papier et \u00e9lectronique publier en auto\u00e9dition sur <a href=\"https:\/\/my.editions-ue.com\/cover_playgrounds\/referrals\/f88433\" target=\"_blank\" rel=\"noopener\">EUE<\/a> et <a href=\"https:\/\/www.amazon.fr\/Guylain-Katombe\/e\/B08P23K832?ref_=dbs_p_pbk_r00_abau_000000\" target=\"_blank\" rel=\"noopener\">KDP<\/a>.<\/p><\/div>\n\t\t\t\t<\/div>\n\t\t\t\t<\/div>\n\t\t\t\t\t<\/div>\n\t\t<\/div>\n\t\t\t\t\t\t\t<\/div>\n\t\t<\/section>\n\t\t\t\t<section class=\"elementor-section elementor-top-section elementor-element elementor-element-1828499 elementor-section-boxed elementor-section-height-default elementor-section-height-default\" data-id=\"1828499\" data-element_type=\"section\" data-settings=\"{&quot;background_background&quot;:&quot;classic&quot;}\">\n\t\t\t\t\t\t<div class=\"elementor-container elementor-column-gap-default\">\n\t\t\t\t\t<div class=\"elementor-column elementor-col-33 elementor-top-column elementor-element elementor-element-d7cc107\" data-id=\"d7cc107\" data-element_type=\"column\">\n\t\t\t<div class=\"elementor-widget-wrap elementor-element-populated\">\n\t\t\t\t\t\t\t\t<div class=\"elementor-element elementor-element-bc5ef47 elementor-widget elementor-widget-image\" data-id=\"bc5ef47\" data-element_type=\"widget\" data-widget_type=\"image.default\">\n\t\t\t\t<div class=\"elementor-widget-container\">\n\t\t\t\t\t<div class=\"elementor-image\">\n\t\t\t\t\t\t\t\t\t\t<img width=\"1024\" height=\"683\" src=\"https:\/\/fr.geoguy.org\/guylainkatombe\/wp-content\/uploads\/sites\/3\/2021\/04\/geoguys-1024x683.jpg\" class=\"attachment-large size-large\" alt=\"geoguy guylain katombe\" loading=\"lazy\" srcset=\"https:\/\/fr.geoguy.org\/guylainkatombe\/wp-content\/uploads\/sites\/3\/2021\/04\/geoguys-1024x683.jpg 1024w, https:\/\/fr.geoguy.org\/guylainkatombe\/wp-content\/uploads\/sites\/3\/2021\/04\/geoguys-300x200.jpg 300w, https:\/\/fr.geoguy.org\/guylainkatombe\/wp-content\/uploads\/sites\/3\/2021\/04\/geoguys-768x512.jpg 768w, https:\/\/fr.geoguy.org\/guylainkatombe\/wp-content\/uploads\/sites\/3\/2021\/04\/geoguys-1536x1024.jpg 1536w, https:\/\/fr.geoguy.org\/guylainkatombe\/wp-content\/uploads\/sites\/3\/2021\/04\/geoguys.jpg 1920w\" sizes=\"(max-width: 1024px) 100vw, 1024px\" \/>\t\t\t\t\t\t\t\t\t\t\t<\/div>\n\t\t\t\t<\/div>\n\t\t\t\t<\/div>\n\t\t\t\t\t<\/div>\n\t\t<\/div>\n\t\t\t\t<div class=\"elementor-column elementor-col-66 elementor-top-column elementor-element elementor-element-50b5873\" data-id=\"50b5873\" data-element_type=\"column\">\n\t\t\t<div class=\"elementor-widget-wrap elementor-element-populated\">\n\t\t\t\t\t\t\t\t<div class=\"elementor-element elementor-element-bb278a1 elementor-widget elementor-widget-text-editor\" data-id=\"bb278a1\" data-element_type=\"widget\" data-widget_type=\"text-editor.default\">\n\t\t\t\t<div class=\"elementor-widget-container\">\n\t\t\t\t\t<div class=\"elementor-text-editor elementor-clearfix\"><p><span style=\"text-decoration: underline;\"><a href=\"https:\/\/geoguy.org\/\" target=\"_blank\" rel=\"noopener\"><strong>Plateforme Geoguys<\/strong><\/a><\/span><\/p><p>Cr\u00e9er dans le but d&rsquo;<strong>aider<\/strong> les g\u00e9o-ing\u00e9nieurs \u00e0 <strong>exceller<\/strong> gr\u00e2ce \u00e0 la maitrise de <strong>g\u00e9o logiciels<\/strong>. Geoguys est devenu aujourd&rsquo;hui une meilleure <strong>ressource \u00e9ducative<\/strong> pour les g\u00e9ologues, les ing\u00e9nieurs de mine, les g\u00e9omaticiens, les cartographes, les g\u00e9o-informaticiens et tous ceux qui sont int\u00e9ress\u00e9s de loin ou de pr\u00e8s aux <strong>sciences de la terre<\/strong>.<\/p><p>Elle assure une formation et un accompagnement non seulement\u00a0 sur les logiciels de mine (Surpac, leapfrog geo, Datamine, Minesight, Micromine, Geosoft, Rockwork etc). Mais aussi pour les logiciels sig (Arcgis, Mapinfo, Surfer, Qgis, Strater, Dips, Google earth, Google map, Envi etc).<\/p><p>Ces formations apprennent \u00e0 cr\u00e9er des cartes, \u00e9valuer un gisement, dresser des mod\u00e8les 3D, cr\u00e9er des logs stratigraphiques, repr\u00e9senter de mesures structurales etc.<\/p><\/div>\n\t\t\t\t<\/div>\n\t\t\t\t<\/div>\n\t\t\t\t\t<\/div>\n\t\t<\/div>\n\t\t\t\t\t\t\t<\/div>\n\t\t<\/section>\n\t\t\t\t<section class=\"elementor-section elementor-top-section elementor-element elementor-element-34d50c6 elementor-section-boxed elementor-section-height-default elementor-section-height-default\" data-id=\"34d50c6\" data-element_type=\"section\">\n\t\t\t\t\t\t<div class=\"elementor-container elementor-column-gap-default\">\n\t\t\t\t\t<div class=\"elementor-column elementor-col-33 elementor-top-column elementor-element elementor-element-e60a580\" data-id=\"e60a580\" data-element_type=\"column\">\n\t\t\t<div class=\"elementor-widget-wrap elementor-element-populated\">\n\t\t\t\t\t\t\t\t<div class=\"elementor-element elementor-element-51bf421 elementor-widget elementor-widget-image\" data-id=\"51bf421\" data-element_type=\"widget\" data-widget_type=\"image.default\">\n\t\t\t\t<div class=\"elementor-widget-container\">\n\t\t\t\t\t<div class=\"elementor-image\">\n\t\t\t\t\t\t\t\t\t\t<img width=\"1024\" height=\"683\" src=\"https:\/\/fr.geoguy.org\/guylainkatombe\/wp-content\/uploads\/sites\/3\/2021\/04\/blog-1024x683.jpg\" class=\"attachment-large size-large\" alt=\"geoguy guylain katombe\" loading=\"lazy\" srcset=\"https:\/\/fr.geoguy.org\/guylainkatombe\/wp-content\/uploads\/sites\/3\/2021\/04\/blog-1024x683.jpg 1024w, https:\/\/fr.geoguy.org\/guylainkatombe\/wp-content\/uploads\/sites\/3\/2021\/04\/blog-300x200.jpg 300w, https:\/\/fr.geoguy.org\/guylainkatombe\/wp-content\/uploads\/sites\/3\/2021\/04\/blog-768x512.jpg 768w, https:\/\/fr.geoguy.org\/guylainkatombe\/wp-content\/uploads\/sites\/3\/2021\/04\/blog-1536x1024.jpg 1536w, https:\/\/fr.geoguy.org\/guylainkatombe\/wp-content\/uploads\/sites\/3\/2021\/04\/blog.jpg 1920w\" sizes=\"(max-width: 1024px) 100vw, 1024px\" \/>\t\t\t\t\t\t\t\t\t\t\t<\/div>\n\t\t\t\t<\/div>\n\t\t\t\t<\/div>\n\t\t\t\t\t<\/div>\n\t\t<\/div>\n\t\t\t\t<div class=\"elementor-column elementor-col-66 elementor-top-column elementor-element elementor-element-f143124\" data-id=\"f143124\" data-element_type=\"column\">\n\t\t\t<div class=\"elementor-widget-wrap elementor-element-populated\">\n\t\t\t\t\t\t\t\t<div class=\"elementor-element elementor-element-251d0da elementor-widget elementor-widget-text-editor\" data-id=\"251d0da\" data-element_type=\"widget\" data-widget_type=\"text-editor.default\">\n\t\t\t\t<div class=\"elementor-widget-container\">\n\t\t\t\t\t<div class=\"elementor-text-editor elementor-clearfix\"><p><span style=\"text-decoration: underline;\"><a href=\"https:\/\/fr.geoguy.org\/blogs\/\" target=\"_blank\" rel=\"noopener\"><strong>Blog Geoguys<\/strong><\/a><\/span><\/p><p>C&rsquo;est un v\u00e9ritable trouvaille pour vous donner toute la documentation en G\u00e9o-Informatique. Partant de mod\u00e9lisation 3d \u00e0 l&rsquo;\u00e9valuation mini\u00e8re, puis la cartographie , la repr\u00e9sentation de mesures structurales, la cr\u00e9ation de logs stratigraphiques et bien plus encore.\u00a0<\/p><p>Ce blog affutera votre connaissance dans n&rsquo;importe quel domaine qui a trait aux sciences de la terre.<\/p><\/div>\n\t\t\t\t<\/div>\n\t\t\t\t<\/div>\n\t\t\t\t\t<\/div>\n\t\t<\/div>\n\t\t\t\t\t\t\t<\/div>\n\t\t<\/section>\n\t\t\t\t<section class=\"elementor-section elementor-top-section elementor-element elementor-element-f824c36 elementor-section-boxed elementor-section-height-default elementor-section-height-default\" data-id=\"f824c36\" data-element_type=\"section\" data-settings=\"{&quot;background_background&quot;:&quot;classic&quot;}\">\n\t\t\t\t\t\t<div class=\"elementor-container elementor-column-gap-default\">\n\t\t\t\t\t<div class=\"elementor-column elementor-col-33 elementor-top-column elementor-element elementor-element-29e1094\" data-id=\"29e1094\" data-element_type=\"column\">\n\t\t\t<div class=\"elementor-widget-wrap elementor-element-populated\">\n\t\t\t\t\t\t\t\t<div class=\"elementor-element elementor-element-8fb9caf elementor-widget elementor-widget-image\" data-id=\"8fb9caf\" data-element_type=\"widget\" data-widget_type=\"image.default\">\n\t\t\t\t<div class=\"elementor-widget-container\">\n\t\t\t\t\t<div class=\"elementor-image\">\n\t\t\t\t\t\t\t\t\t\t\t<a href=\"https:\/\/www.amazon.fr\/Guylain-Katombe\/e\/B08P23K832?ref_=dbs_p_pbk_r00_abau_000000\">\n\t\t\t\t\t\t\t<img width=\"1024\" height=\"721\" src=\"https:\/\/fr.geoguy.org\/guylainkatombe\/wp-content\/uploads\/sites\/3\/2021\/04\/livre-1024x721.jpg\" class=\"attachment-large size-large\" alt=\"\" loading=\"lazy\" srcset=\"https:\/\/fr.geoguy.org\/guylainkatombe\/wp-content\/uploads\/sites\/3\/2021\/04\/livre-1024x721.jpg 1024w, https:\/\/fr.geoguy.org\/guylainkatombe\/wp-content\/uploads\/sites\/3\/2021\/04\/livre-300x211.jpg 300w, https:\/\/fr.geoguy.org\/guylainkatombe\/wp-content\/uploads\/sites\/3\/2021\/04\/livre-768x541.jpg 768w, https:\/\/fr.geoguy.org\/guylainkatombe\/wp-content\/uploads\/sites\/3\/2021\/04\/livre-1536x1082.jpg 1536w, https:\/\/fr.geoguy.org\/guylainkatombe\/wp-content\/uploads\/sites\/3\/2021\/04\/livre-120x85.jpg 120w, https:\/\/fr.geoguy.org\/guylainkatombe\/wp-content\/uploads\/sites\/3\/2021\/04\/livre.jpg 1920w\" sizes=\"(max-width: 1024px) 100vw, 1024px\" \/>\t\t\t\t\t\t\t\t<\/a>\n\t\t\t\t\t\t\t\t\t\t\t<\/div>\n\t\t\t\t<\/div>\n\t\t\t\t<\/div>\n\t\t\t\t\t<\/div>\n\t\t<\/div>\n\t\t\t\t<div class=\"elementor-column elementor-col-66 elementor-top-column elementor-element elementor-element-ddd6fe1\" data-id=\"ddd6fe1\" data-element_type=\"column\">\n\t\t\t<div class=\"elementor-widget-wrap elementor-element-populated\">\n\t\t\t\t\t\t\t\t<div class=\"elementor-element elementor-element-ea59b94 elementor-widget elementor-widget-text-editor\" data-id=\"ea59b94\" data-element_type=\"widget\" data-widget_type=\"text-editor.default\">\n\t\t\t\t<div class=\"elementor-widget-container\">\n\t\t\t\t\t<div class=\"elementor-text-editor elementor-clearfix\"><p><a href=\"https:\/\/www.amazon.fr\/Guylain-Katombe\/e\/B08P23K832?ref_=dbs_p_pbk_r00_abau_000000\" target=\"_blank\" rel=\"noopener\"><strong>Publications<\/strong><\/a><\/p><p>Aujourd\u2019hui, plus de 5 <strong>publications<\/strong> sur la th\u00e9matique logiciel Geo-Informatique sont mises \u00e0 votre disposition.<\/p><p>Des livres qui servent de Guide pour apprendre des logiciels d\u2019<strong>ob\u00e9dience mini\u00e8res et cartographiques<\/strong>. Une vraie aubaine pour les g\u00e9ologues, ing\u00e9nieur de mine, g\u00e9otechnicien, cartographe, G\u00e9omaticien, g\u00e9ographe etc.<\/p><\/div>\n\t\t\t\t<\/div>\n\t\t\t\t<\/div>\n\t\t\t\t\t<\/div>\n\t\t<\/div>\n\t\t\t\t\t\t\t<\/div>\n\t\t<\/section>\n\t\t\t\t\t\t<\/div>\n\t\t\t\t\t<\/div>\n\t\t","protected":false},"excerpt":{"rendered":"<p>Certains le qualifie de g\u00e9o-infopreneur, d\u2019autres de\u00a0\u00a0formateur en g\u00e9o logiciel. Et beaucoup pensent aussi qu\u2019il est chercheur et \u00e9crivain. Voila autant de d\u00e9signations qui peuvent &hellip; <\/p>\n","protected":false},"author":1,"featured_media":102,"parent":0,"menu_order":0,"comment_status":"closed","ping_status":"closed","template":"elementor_header_footer","meta":{"_monsterinsights_skip_tracking":false,"_monsterinsights_sitenote_active":false,"_monsterinsights_sitenote_note":"","_monsterinsights_sitenote_category":0},"_links":{"self":[{"href":"https:\/\/fr.geoguy.org\/guylainkatombe\/wp-json\/wp\/v2\/pages\/20"}],"collection":[{"href":"https:\/\/fr.geoguy.org\/guylainkatombe\/wp-json\/wp\/v2\/pages"}],"about":[{"href":"https:\/\/fr.geoguy.org\/guylainkatombe\/wp-json\/wp\/v2\/types\/page"}],"author":[{"embeddable":true,"href":"https:\/\/fr.geoguy.org\/guylainkatombe\/wp-json\/wp\/v2\/users\/1"}],"replies":[{"embeddable":true,"href":"https:\/\/fr.geoguy.org\/guylainkatombe\/wp-json\/wp\/v2\/comments?post=20"}],"version-history":[{"count":0,"href":"https:\/\/fr.geoguy.org\/guylainkatombe\/wp-json\/wp\/v2\/pages\/20\/revisions"}],"wp:featuredmedia":[{"embeddable":true,"href":"https:\/\/fr.geoguy.org\/guylainkatombe\/wp-json\/wp\/v2\/media\/102"}],"wp:attachment":[{"href":"https:\/\/fr.geoguy.org\/guylainkatombe\/wp-json\/wp\/v2\/media?parent=20"}],"curies":[{"name":"wp","href":"https:\/\/api.w.org\/{rel}","templated":true}]}}