{"id":186,"date":"2021-04-29T06:56:52","date_gmt":"2021-04-29T04:56:52","guid":{"rendered":"https:\/\/fr.geoguy.org\/jvzoo\/?page_id=186"},"modified":"2021-04-30T13:25:35","modified_gmt":"2021-04-30T11:25:35","slug":"formation-qgis-pdf-ebook-guide-pratique-qgis","status":"publish","type":"page","link":"https:\/\/fr.geoguy.org\/jvzoo\/formation-qgis-pdf-ebook-guide-pratique-qgis\/","title":{"rendered":"Formation qgis pdf : ebook guide pratique qgis"},"content":{"rendered":"\t\t<div data-elementor-type=\"wp-page\" data-elementor-id=\"186\" class=\"elementor elementor-186\" data-elementor-settings=\"[]\">\n\t\t\t\t\t\t\t<div class=\"elementor-section-wrap\">\n\t\t\t\t\t\t\t<section class=\"elementor-section elementor-top-section elementor-element elementor-element-37c639a elementor-section-boxed elementor-section-height-default elementor-section-height-default\" data-id=\"37c639a\" data-element_type=\"section\">\n\t\t\t\t\t\t<div class=\"elementor-container elementor-column-gap-default\">\n\t\t\t\t\t<div class=\"elementor-column elementor-col-50 elementor-top-column elementor-element elementor-element-f291624\" data-id=\"f291624\" data-element_type=\"column\">\n\t\t\t<div class=\"elementor-widget-wrap elementor-element-populated\">\n\t\t\t\t\t\t\t\t<div class=\"elementor-element elementor-element-0ba3032 elementor-widget elementor-widget-text-editor\" data-id=\"0ba3032\" data-element_type=\"widget\" data-widget_type=\"text-editor.default\">\n\t\t\t\t<div class=\"elementor-widget-container\">\n\t\t\t\t\t<div class=\"elementor-text-editor elementor-clearfix\"><h4>Aimeriez-vous avoir une\u00a0<strong>meilleure Formation Qgis en PDF<\/strong>. Etre guid\u00e9 pas \u00e0 pas jusqu\u2019\u00e0 la maitrise de la\u00a0<strong>cartographie avec Qgis.<\/strong><\/h4><h4>Avoir un document qui vous indique image par image, avec de fl\u00e8ches qui vous montre exactement ce que vous devez faire. Alors cet ebook G<strong>uide pratique de Qgis<\/strong>\u00a0est pour vous.<\/h4><\/div>\n\t\t\t\t<\/div>\n\t\t\t\t<\/div>\n\t\t\t\t\t<\/div>\n\t\t<\/div>\n\t\t\t\t<div class=\"elementor-column elementor-col-50 elementor-top-column elementor-element elementor-element-41cd890\" data-id=\"41cd890\" data-element_type=\"column\">\n\t\t\t<div class=\"elementor-widget-wrap elementor-element-populated\">\n\t\t\t\t\t\t\t\t<div class=\"elementor-element elementor-element-43acd9e elementor-widget elementor-widget-image\" data-id=\"43acd9e\" data-element_type=\"widget\" data-widget_type=\"image.default\">\n\t\t\t\t<div class=\"elementor-widget-container\">\n\t\t\t\t\t<div class=\"elementor-image\">\n\t\t\t\t\t\t\t\t\t\t<img width=\"350\" height=\"350\" src=\"https:\/\/fr.geoguy.org\/jvzoo\/wp-content\/uploads\/sites\/4\/2021\/04\/Jvzoo-ebook-qgis.jpg\" class=\"attachment-large size-large\" alt=\"formation qgis pdf ; guide pratique de qgis\" loading=\"lazy\" srcset=\"https:\/\/fr.geoguy.org\/jvzoo\/wp-content\/uploads\/sites\/4\/2021\/04\/Jvzoo-ebook-qgis.jpg 350w, https:\/\/fr.geoguy.org\/jvzoo\/wp-content\/uploads\/sites\/4\/2021\/04\/Jvzoo-ebook-qgis-300x300.jpg 300w, https:\/\/fr.geoguy.org\/jvzoo\/wp-content\/uploads\/sites\/4\/2021\/04\/Jvzoo-ebook-qgis-150x150.jpg 150w\" sizes=\"(max-width: 350px) 100vw, 350px\" \/>\t\t\t\t\t\t\t\t\t\t\t<\/div>\n\t\t\t\t<\/div>\n\t\t\t\t<\/div>\n\t\t\t\t\t<\/div>\n\t\t<\/div>\n\t\t\t\t\t\t\t<\/div>\n\t\t<\/section>\n\t\t\t\t<section class=\"elementor-section elementor-top-section elementor-element elementor-element-c0189e1 elementor-section-boxed elementor-section-height-default elementor-section-height-default\" data-id=\"c0189e1\" data-element_type=\"section\" data-settings=\"{&quot;background_background&quot;:&quot;classic&quot;}\">\n\t\t\t\t\t\t<div class=\"elementor-container elementor-column-gap-default\">\n\t\t\t\t\t<div class=\"elementor-column elementor-col-100 elementor-top-column elementor-element elementor-element-fb6da6a\" data-id=\"fb6da6a\" data-element_type=\"column\">\n\t\t\t<div class=\"elementor-widget-wrap elementor-element-populated\">\n\t\t\t\t\t\t\t\t<div class=\"elementor-element elementor-element-d5f13bd elementor-widget elementor-widget-text-editor\" data-id=\"d5f13bd\" data-element_type=\"widget\" data-widget_type=\"text-editor.default\">\n\t\t\t\t<div class=\"elementor-widget-container\">\n\t\t\t\t\t<div class=\"elementor-text-editor elementor-clearfix\"><h4>Il est&nbsp;<strong>difficile<\/strong> aujourd\u2019hui de se procures un livre sur Qgis<strong>&nbsp;en Fran\u00e7ais<\/strong>. Les quelques rares livres que vous trouverez sont carr\u00e9ment inutile. Il ne vous guide en rien, ils n\u2019ont aucune&nbsp;<strong>image sch\u00e9matique<\/strong>&nbsp;vous indiquant comment proc\u00e9der. Et surtout ces livres ne vous montrerons pas&nbsp;<strong>comment ex\u00e9cut\u00e9 une tache<\/strong>&nbsp;du d\u00e9but jusqu\u2019\u00e0 la fin.&nbsp;<\/h4>\n<h4>Au d\u00e9but de ma formation sur Mapinfo, j\u2019avais vraiment besoin d\u2019un bon<strong>&nbsp;ebook en PDF<\/strong> qui me permettrait de glaner ma formation. Mais je n\u2019en trouvais pas. Je m\u2019\u00e9tais donc promis d\u2019en \u00e9crire un pour permettre \u00e0 ceux qui voudrons apprendre Qgis de trouver un ebook sur qui les aide vraiment.<\/h4><\/div>\n\t\t\t\t<\/div>\n\t\t\t\t<\/div>\n\t\t\t\t\t<\/div>\n\t\t<\/div>\n\t\t\t\t\t\t\t<\/div>\n\t\t<\/section>\n\t\t\t\t<section class=\"elementor-section elementor-top-section elementor-element elementor-element-b53ff95 elementor-section-boxed elementor-section-height-default elementor-section-height-default\" data-id=\"b53ff95\" data-element_type=\"section\">\n\t\t\t\t\t\t<div class=\"elementor-container elementor-column-gap-default\">\n\t\t\t\t\t<div class=\"elementor-column elementor-col-50 elementor-top-column elementor-element elementor-element-42960fd\" data-id=\"42960fd\" data-element_type=\"column\">\n\t\t\t<div class=\"elementor-widget-wrap elementor-element-populated\">\n\t\t\t\t\t\t\t\t<div class=\"elementor-element elementor-element-ad4b2a7 elementor-widget elementor-widget-image\" data-id=\"ad4b2a7\" data-element_type=\"widget\" data-widget_type=\"image.default\">\n\t\t\t\t<div class=\"elementor-widget-container\">\n\t\t\t\t\t<div class=\"elementor-image\">\n\t\t\t\t\t\t\t\t\t\t<img width=\"776\" height=\"523\" src=\"https:\/\/fr.geoguy.org\/jvzoo\/wp-content\/uploads\/sites\/4\/2021\/04\/Carte-isovaleurs-ok.jpg\" class=\"attachment-large size-large\" alt=\"\" loading=\"lazy\" srcset=\"https:\/\/fr.geoguy.org\/jvzoo\/wp-content\/uploads\/sites\/4\/2021\/04\/Carte-isovaleurs-ok.jpg 776w, https:\/\/fr.geoguy.org\/jvzoo\/wp-content\/uploads\/sites\/4\/2021\/04\/Carte-isovaleurs-ok-300x202.jpg 300w, https:\/\/fr.geoguy.org\/jvzoo\/wp-content\/uploads\/sites\/4\/2021\/04\/Carte-isovaleurs-ok-768x518.jpg 768w\" sizes=\"(max-width: 776px) 100vw, 776px\" \/>\t\t\t\t\t\t\t\t\t\t\t<\/div>\n\t\t\t\t<\/div>\n\t\t\t\t<\/div>\n\t\t\t\t\t<\/div>\n\t\t<\/div>\n\t\t\t\t<div class=\"elementor-column elementor-col-50 elementor-top-column elementor-element elementor-element-d3774c4\" data-id=\"d3774c4\" data-element_type=\"column\">\n\t\t\t<div class=\"elementor-widget-wrap elementor-element-populated\">\n\t\t\t\t\t\t\t\t<div class=\"elementor-element elementor-element-895b2fa elementor-widget elementor-widget-text-editor\" data-id=\"895b2fa\" data-element_type=\"widget\" data-widget_type=\"text-editor.default\">\n\t\t\t\t<div class=\"elementor-widget-container\">\n\t\t\t\t\t<div class=\"elementor-text-editor elementor-clearfix\"><h3><strong>Ce que vous allez apprendre<\/strong><\/h3><\/div>\n\t\t\t\t<\/div>\n\t\t\t\t<\/div>\n\t\t\t\t<div class=\"elementor-element elementor-element-f043646 elementor-icon-list--layout-traditional elementor-list-item-link-full_width elementor-widget elementor-widget-icon-list\" data-id=\"f043646\" data-element_type=\"widget\" data-widget_type=\"icon-list.default\">\n\t\t\t\t<div class=\"elementor-widget-container\">\n\t\t\t\t\t<ul class=\"elementor-icon-list-items\">\n\t\t\t\t\t\t\t<li class=\"elementor-icon-list-item\">\n\t\t\t\t\t\t\t\t\t\t\t<span class=\"elementor-icon-list-icon\">\n\t\t\t\t\t\t\t<i aria-hidden=\"true\" class=\"fas fa-check\"><\/i>\t\t\t\t\t\t<\/span>\n\t\t\t\t\t\t\t\t\t\t<span class=\"elementor-icon-list-text\">T\u00e9l\u00e9charger et installer gratuitement Qgis 3.10<\/span>\n\t\t\t\t\t\t\t\t\t<\/li>\n\t\t\t\t\t\t\t\t<li class=\"elementor-icon-list-item\">\n\t\t\t\t\t\t\t\t\t\t\t<span class=\"elementor-icon-list-icon\">\n\t\t\t\t\t\t\t<i aria-hidden=\"true\" class=\"fas fa-check\"><\/i>\t\t\t\t\t\t<\/span>\n\t\t\t\t\t\t\t\t\t\t<span class=\"elementor-icon-list-text\">Maitriser l'environnement de travail de Qgis: Son interface.<\/span>\n\t\t\t\t\t\t\t\t\t<\/li>\n\t\t\t\t\t\t\t\t<li class=\"elementor-icon-list-item\">\n\t\t\t\t\t\t\t\t\t\t\t<span class=\"elementor-icon-list-icon\">\n\t\t\t\t\t\t\t<i aria-hidden=\"true\" class=\"fas fa-check\"><\/i>\t\t\t\t\t\t<\/span>\n\t\t\t\t\t\t\t\t\t\t<span class=\"elementor-icon-list-text\">Creer une carte \u00e0 partir d'un fichier Excel, carte d'\u00e9chantillonnage, carte topographique, carte raster<\/span>\n\t\t\t\t\t\t\t\t\t<\/li>\n\t\t\t\t\t\t\t\t<li class=\"elementor-icon-list-item\">\n\t\t\t\t\t\t\t\t\t\t\t<span class=\"elementor-icon-list-icon\">\n\t\t\t\t\t\t\t<i aria-hidden=\"true\" class=\"fas fa-check\"><\/i>\t\t\t\t\t\t<\/span>\n\t\t\t\t\t\t\t\t\t\t<span class=\"elementor-icon-list-text\">Faire la mise en page d'une carte<\/span>\n\t\t\t\t\t\t\t\t\t<\/li>\n\t\t\t\t\t\t\t\t<li class=\"elementor-icon-list-item\">\n\t\t\t\t\t\t\t\t\t\t\t<span class=\"elementor-icon-list-icon\">\n\t\t\t\t\t\t\t<i aria-hidden=\"true\" class=\"fas fa-check\"><\/i>\t\t\t\t\t\t<\/span>\n\t\t\t\t\t\t\t\t\t\t<span class=\"elementor-icon-list-text\">G\u00e9oreferencer une carte et la digitaliser<\/span>\n\t\t\t\t\t\t\t\t\t<\/li>\n\t\t\t\t\t\t\t\t<li class=\"elementor-icon-list-item\">\n\t\t\t\t\t\t\t\t\t\t\t<span class=\"elementor-icon-list-icon\">\n\t\t\t\t\t\t\t<i aria-hidden=\"true\" class=\"fas fa-check\"><\/i>\t\t\t\t\t\t<\/span>\n\t\t\t\t\t\t\t\t\t\t<span class=\"elementor-icon-list-text\">T\u00e9l\u00e9charger la carte globale de la terre et l'afficher sur qgis<\/span>\n\t\t\t\t\t\t\t\t\t<\/li>\n\t\t\t\t\t\t<\/ul>\n\t\t\t\t<\/div>\n\t\t\t\t<\/div>\n\t\t\t\t\t<\/div>\n\t\t<\/div>\n\t\t\t\t\t\t\t<\/div>\n\t\t<\/section>\n\t\t\t\t<section class=\"elementor-section elementor-top-section elementor-element elementor-element-b10f356 elementor-section-boxed elementor-section-height-default elementor-section-height-default\" data-id=\"b10f356\" data-element_type=\"section\" data-settings=\"{&quot;background_background&quot;:&quot;classic&quot;}\">\n\t\t\t\t\t\t<div class=\"elementor-container elementor-column-gap-default\">\n\t\t\t\t\t<div class=\"elementor-column elementor-col-16 elementor-top-column elementor-element elementor-element-be14b4e\" data-id=\"be14b4e\" data-element_type=\"column\">\n\t\t\t<div class=\"elementor-widget-wrap\">\n\t\t\t\t\t\t\t\t\t<\/div>\n\t\t<\/div>\n\t\t\t\t<div class=\"elementor-column elementor-col-66 elementor-top-column elementor-element elementor-element-c0812d9\" data-id=\"c0812d9\" data-element_type=\"column\">\n\t\t\t<div class=\"elementor-widget-wrap elementor-element-populated\">\n\t\t\t\t\t\t\t\t<div class=\"elementor-element elementor-element-ff79983 elementor-widget elementor-widget-text-editor\" data-id=\"ff79983\" data-element_type=\"widget\" data-widget_type=\"text-editor.default\">\n\t\t\t\t<div class=\"elementor-widget-container\">\n\t\t\t\t\t<div class=\"elementor-text-editor elementor-clearfix\"><h3 style=\"text-align: center;\"><strong>Petite d\u00e9monstration sur Qgis<\/strong><\/h3><\/div>\n\t\t\t\t<\/div>\n\t\t\t\t<\/div>\n\t\t\t\t<div class=\"elementor-element elementor-element-3c2981e elementor-aspect-ratio-169 elementor-widget elementor-widget-video\" data-id=\"3c2981e\" data-element_type=\"widget\" data-settings=\"{&quot;video_type&quot;:&quot;vimeo&quot;,&quot;aspect_ratio&quot;:&quot;169&quot;}\" data-widget_type=\"video.default\">\n\t\t\t\t<div class=\"elementor-widget-container\">\n\t\t\t\t\t<div class=\"elementor-wrapper elementor-fit-aspect-ratio elementor-open-inline\">\n\t\t\t<iframe class=\"elementor-video-iframe\" allowfullscreen title=\"Lecteur vid\u00e9o vimeo\" src=\"https:\/\/player.vimeo.com\/video\/421446346?color&amp;autopause=0&amp;loop=0&amp;muted=0&amp;title=1&amp;portrait=1&amp;byline=1#t=\"><\/iframe>\t\t<\/div>\n\t\t\t\t<\/div>\n\t\t\t\t<\/div>\n\t\t\t\t\t<\/div>\n\t\t<\/div>\n\t\t\t\t<div class=\"elementor-column elementor-col-16 elementor-top-column elementor-element elementor-element-96a51bd\" data-id=\"96a51bd\" data-element_type=\"column\">\n\t\t\t<div class=\"elementor-widget-wrap\">\n\t\t\t\t\t\t\t\t\t<\/div>\n\t\t<\/div>\n\t\t\t\t\t\t\t<\/div>\n\t\t<\/section>\n\t\t\t\t<section class=\"elementor-section elementor-top-section elementor-element elementor-element-56757b9 elementor-section-boxed elementor-section-height-default elementor-section-height-default\" data-id=\"56757b9\" data-element_type=\"section\">\n\t\t\t\t\t\t<div class=\"elementor-container elementor-column-gap-default\">\n\t\t\t\t\t<div class=\"elementor-column elementor-col-50 elementor-top-column elementor-element elementor-element-5007545\" data-id=\"5007545\" data-element_type=\"column\">\n\t\t\t<div class=\"elementor-widget-wrap elementor-element-populated\">\n\t\t\t\t\t\t\t\t<div class=\"elementor-element elementor-element-eb0392a elementor-widget elementor-widget-text-editor\" data-id=\"eb0392a\" data-element_type=\"widget\" data-widget_type=\"text-editor.default\">\n\t\t\t\t<div class=\"elementor-widget-container\">\n\t\t\t\t\t<div class=\"elementor-text-editor elementor-clearfix\"><h3><strong>Description de l&rsquo;ebook<\/strong><\/h3><\/div>\n\t\t\t\t<\/div>\n\t\t\t\t<\/div>\n\t\t\t\t<div class=\"elementor-element elementor-element-7f785c2 elementor-icon-list--layout-traditional elementor-list-item-link-full_width elementor-widget elementor-widget-icon-list\" data-id=\"7f785c2\" data-element_type=\"widget\" data-widget_type=\"icon-list.default\">\n\t\t\t\t<div class=\"elementor-widget-container\">\n\t\t\t\t\t<ul class=\"elementor-icon-list-items\">\n\t\t\t\t\t\t\t<li class=\"elementor-icon-list-item\">\n\t\t\t\t\t\t\t\t\t\t\t<span class=\"elementor-icon-list-icon\">\n\t\t\t\t\t\t\t<i aria-hidden=\"true\" class=\"fas fa-check\"><\/i>\t\t\t\t\t\t<\/span>\n\t\t\t\t\t\t\t\t\t\t<span class=\"elementor-icon-list-text\">Titre: Guide pratique de Qgis.<\/span>\n\t\t\t\t\t\t\t\t\t<\/li>\n\t\t\t\t\t\t\t\t<li class=\"elementor-icon-list-item\">\n\t\t\t\t\t\t\t\t\t\t\t<span class=\"elementor-icon-list-icon\">\n\t\t\t\t\t\t\t<i aria-hidden=\"true\" class=\"fas fa-check\"><\/i>\t\t\t\t\t\t<\/span>\n\t\t\t\t\t\t\t\t\t\t<span class=\"elementor-icon-list-text\">Auteur: Guylain Katombe, Manager chez Geoguys.<\/span>\n\t\t\t\t\t\t\t\t\t<\/li>\n\t\t\t\t\t\t\t\t<li class=\"elementor-icon-list-item\">\n\t\t\t\t\t\t\t\t\t\t\t<span class=\"elementor-icon-list-icon\">\n\t\t\t\t\t\t\t<i aria-hidden=\"true\" class=\"fas fa-check\"><\/i>\t\t\t\t\t\t<\/span>\n\t\t\t\t\t\t\t\t\t\t<span class=\"elementor-icon-list-text\">Poids: 29,3 Mo<\/span>\n\t\t\t\t\t\t\t\t\t<\/li>\n\t\t\t\t\t\t\t\t<li class=\"elementor-icon-list-item\">\n\t\t\t\t\t\t\t\t\t\t\t<span class=\"elementor-icon-list-icon\">\n\t\t\t\t\t\t\t<i aria-hidden=\"true\" class=\"fas fa-check\"><\/i>\t\t\t\t\t\t<\/span>\n\t\t\t\t\t\t\t\t\t\t<span class=\"elementor-icon-list-text\">Nombre de pages: 228<\/span>\n\t\t\t\t\t\t\t\t\t<\/li>\n\t\t\t\t\t\t<\/ul>\n\t\t\t\t<\/div>\n\t\t\t\t<\/div>\n\t\t\t\t\t<\/div>\n\t\t<\/div>\n\t\t\t\t<div class=\"elementor-column elementor-col-50 elementor-top-column elementor-element elementor-element-5ec252b\" data-id=\"5ec252b\" data-element_type=\"column\">\n\t\t\t<div class=\"elementor-widget-wrap elementor-element-populated\">\n\t\t\t\t\t\t\t\t<div class=\"elementor-element elementor-element-1c13df3 elementor-widget elementor-widget-image\" data-id=\"1c13df3\" data-element_type=\"widget\" data-widget_type=\"image.default\">\n\t\t\t\t<div class=\"elementor-widget-container\">\n\t\t\t\t\t<div class=\"elementor-image\">\n\t\t\t\t\t\t\t\t\t\t<img width=\"888\" height=\"309\" src=\"https:\/\/fr.geoguy.org\/jvzoo\/wp-content\/uploads\/sites\/4\/2021\/04\/Temoignage-sig.png\" class=\"attachment-large size-large\" alt=\"formation qgis pdf\" loading=\"lazy\" srcset=\"https:\/\/fr.geoguy.org\/jvzoo\/wp-content\/uploads\/sites\/4\/2021\/04\/Temoignage-sig.png 888w, https:\/\/fr.geoguy.org\/jvzoo\/wp-content\/uploads\/sites\/4\/2021\/04\/Temoignage-sig-300x104.png 300w, https:\/\/fr.geoguy.org\/jvzoo\/wp-content\/uploads\/sites\/4\/2021\/04\/Temoignage-sig-768x267.png 768w\" sizes=\"(max-width: 888px) 100vw, 888px\" \/>\t\t\t\t\t\t\t\t\t\t\t<\/div>\n\t\t\t\t<\/div>\n\t\t\t\t<\/div>\n\t\t\t\t\t<\/div>\n\t\t<\/div>\n\t\t\t\t\t\t\t<\/div>\n\t\t<\/section>\n\t\t\t\t<section class=\"elementor-section elementor-top-section elementor-element elementor-element-0c82552 elementor-section-boxed elementor-section-height-default elementor-section-height-default\" data-id=\"0c82552\" data-element_type=\"section\" data-settings=\"{&quot;background_background&quot;:&quot;classic&quot;}\">\n\t\t\t\t\t\t<div class=\"elementor-container elementor-column-gap-default\">\n\t\t\t\t\t<div class=\"elementor-column elementor-col-16 elementor-top-column elementor-element elementor-element-976da7a\" data-id=\"976da7a\" data-element_type=\"column\">\n\t\t\t<div class=\"elementor-widget-wrap\">\n\t\t\t\t\t\t\t\t\t<\/div>\n\t\t<\/div>\n\t\t\t\t<div class=\"elementor-column elementor-col-66 elementor-top-column elementor-element elementor-element-df76948\" data-id=\"df76948\" data-element_type=\"column\">\n\t\t\t<div class=\"elementor-widget-wrap elementor-element-populated\">\n\t\t\t\t\t\t\t\t<div class=\"elementor-element elementor-element-3c63ec1 elementor-widget elementor-widget-html\" data-id=\"3c63ec1\" data-element_type=\"widget\" data-widget_type=\"html.default\">\n\t\t\t\t<div class=\"elementor-widget-container\">\n\t\t\t<a href=\"https:\/\/www.jvzoo.com\/b\/0\/367493\/2\"><img src=\"https:\/\/i.jvzoo.com\/0\/367493\/2\" alt=\"Ebook : formation qgis pdf\" border=\"0\" \/><\/a>\t\t<\/div>\n\t\t\t\t<\/div>\n\t\t\t\t\t<\/div>\n\t\t<\/div>\n\t\t\t\t<div class=\"elementor-column elementor-col-16 elementor-top-column elementor-element elementor-element-ede78b4\" data-id=\"ede78b4\" data-element_type=\"column\">\n\t\t\t<div class=\"elementor-widget-wrap\">\n\t\t\t\t\t\t\t\t\t<\/div>\n\t\t<\/div>\n\t\t\t\t\t\t\t<\/div>\n\t\t<\/section>\n\t\t\t\t\t\t<\/div>\n\t\t\t\t\t<\/div>\n\t\t","protected":false},"excerpt":{"rendered":"<p>Aimeriez-vous avoir une\u00a0meilleure Formation Qgis en PDF. Etre guid\u00e9 pas \u00e0 pas jusqu\u2019\u00e0 la maitrise de la\u00a0cartographie avec Qgis. Avoir un document qui vous indique &hellip; <\/p>\n","protected":false},"author":1,"featured_media":188,"parent":0,"menu_order":0,"comment_status":"closed","ping_status":"closed","template":"blank-slate-template.php","meta":[],"_links":{"self":[{"href":"https:\/\/fr.geoguy.org\/jvzoo\/wp-json\/wp\/v2\/pages\/186"}],"collection":[{"href":"https:\/\/fr.geoguy.org\/jvzoo\/wp-json\/wp\/v2\/pages"}],"about":[{"href":"https:\/\/fr.geoguy.org\/jvzoo\/wp-json\/wp\/v2\/types\/page"}],"author":[{"embeddable":true,"href":"https:\/\/fr.geoguy.org\/jvzoo\/wp-json\/wp\/v2\/users\/1"}],"replies":[{"embeddable":true,"href":"https:\/\/fr.geoguy.org\/jvzoo\/wp-json\/wp\/v2\/comments?post=186"}],"version-history":[{"count":0,"href":"https:\/\/fr.geoguy.org\/jvzoo\/wp-json\/wp\/v2\/pages\/186\/revisions"}],"wp:featuredmedia":[{"embeddable":true,"href":"https:\/\/fr.geoguy.org\/jvzoo\/wp-json\/wp\/v2\/media\/188"}],"wp:attachment":[{"href":"https:\/\/fr.geoguy.org\/jvzoo\/wp-json\/wp\/v2\/media?parent=186"}],"curies":[{"name":"wp","href":"https:\/\/api.w.org\/{rel}","templated":true}]}}