{"id":90,"date":"2021-04-29T03:38:16","date_gmt":"2021-04-29T01:38:16","guid":{"rendered":"https:\/\/fr.geoguy.org\/jvzoo\/?page_id=90"},"modified":"2021-07-07T04:26:50","modified_gmt":"2021-07-07T02:26:50","slug":"formation-surpac-pdf-guide-pratique-en-surpac","status":"publish","type":"page","link":"https:\/\/fr.geoguy.org\/jvzoo\/formation-surpac-pdf-guide-pratique-en-surpac\/","title":{"rendered":"Formation Surpac PDF: Guide pratique en Surpac"},"content":{"rendered":"\t\t<div data-elementor-type=\"wp-page\" data-elementor-id=\"90\" class=\"elementor elementor-90\" data-elementor-settings=\"[]\">\n\t\t\t\t\t\t\t<div class=\"elementor-section-wrap\">\n\t\t\t\t\t\t\t<section class=\"elementor-section elementor-top-section elementor-element elementor-element-365ba93 elementor-section-boxed elementor-section-height-default elementor-section-height-default\" data-id=\"365ba93\" data-element_type=\"section\">\n\t\t\t\t\t\t<div class=\"elementor-container elementor-column-gap-default\">\n\t\t\t\t\t<div class=\"elementor-column elementor-col-50 elementor-top-column elementor-element elementor-element-a413028\" data-id=\"a413028\" data-element_type=\"column\">\n\t\t\t<div class=\"elementor-widget-wrap elementor-element-populated\">\n\t\t\t\t\t\t\t\t<div class=\"elementor-element elementor-element-224f413 elementor-widget elementor-widget-text-editor\" data-id=\"224f413\" data-element_type=\"widget\" data-widget_type=\"text-editor.default\">\n\t\t\t\t<div class=\"elementor-widget-container\">\n\t\t\t\t\t<div class=\"elementor-text-editor elementor-clearfix\"><h4>Aimeriez-vous avoir une <strong>meilleure Formation Surpac en PDF<\/strong>. Etre guid\u00e9 pas \u00e0 pas jusqu&rsquo;\u00e0 la maitrise de la <strong>mod\u00e9lisation 3D avec Surpac<\/strong>.<\/h4><h4>Avoir un document qui vous indique image par image, avec de fl\u00e8ches qui vous montre exactement ou vous devez cliquer? Alors cet ebook G<strong>uide pratique de Surpac<\/strong> est pour vous.<\/h4><\/div>\n\t\t\t\t<\/div>\n\t\t\t\t<\/div>\n\t\t\t\t\t<\/div>\n\t\t<\/div>\n\t\t\t\t<div class=\"elementor-column elementor-col-50 elementor-top-column elementor-element elementor-element-293c5b7\" data-id=\"293c5b7\" data-element_type=\"column\">\n\t\t\t<div class=\"elementor-widget-wrap elementor-element-populated\">\n\t\t\t\t\t\t\t\t<div class=\"elementor-element elementor-element-573127b elementor-widget elementor-widget-image\" data-id=\"573127b\" data-element_type=\"widget\" data-widget_type=\"image.default\">\n\t\t\t\t<div class=\"elementor-widget-container\">\n\t\t\t\t\t<div class=\"elementor-image\">\n\t\t\t\t\t\t\t\t\t\t<img width=\"300\" height=\"297\" src=\"https:\/\/fr.geoguy.org\/jvzoo\/wp-content\/uploads\/sites\/4\/2021\/07\/guide-pratique-de-surpac-300x297.jpg\" class=\"attachment-medium size-medium\" alt=\"guide pratique de surpac pdf\" loading=\"lazy\" srcset=\"https:\/\/fr.geoguy.org\/jvzoo\/wp-content\/uploads\/sites\/4\/2021\/07\/guide-pratique-de-surpac-300x297.jpg 300w, https:\/\/fr.geoguy.org\/jvzoo\/wp-content\/uploads\/sites\/4\/2021\/07\/guide-pratique-de-surpac-1024x1015.jpg 1024w, https:\/\/fr.geoguy.org\/jvzoo\/wp-content\/uploads\/sites\/4\/2021\/07\/guide-pratique-de-surpac-150x150.jpg 150w, https:\/\/fr.geoguy.org\/jvzoo\/wp-content\/uploads\/sites\/4\/2021\/07\/guide-pratique-de-surpac-768x761.jpg 768w, https:\/\/fr.geoguy.org\/jvzoo\/wp-content\/uploads\/sites\/4\/2021\/07\/guide-pratique-de-surpac-1536x1523.jpg 1536w, https:\/\/fr.geoguy.org\/jvzoo\/wp-content\/uploads\/sites\/4\/2021\/07\/guide-pratique-de-surpac.jpg 1607w\" sizes=\"(max-width: 300px) 100vw, 300px\" \/>\t\t\t\t\t\t\t\t\t\t\t<\/div>\n\t\t\t\t<\/div>\n\t\t\t\t<\/div>\n\t\t\t\t\t<\/div>\n\t\t<\/div>\n\t\t\t\t\t\t\t<\/div>\n\t\t<\/section>\n\t\t\t\t<section class=\"elementor-section elementor-top-section elementor-element elementor-element-d81485b elementor-section-boxed elementor-section-height-default elementor-section-height-default\" data-id=\"d81485b\" data-element_type=\"section\" data-settings=\"{&quot;background_background&quot;:&quot;classic&quot;}\">\n\t\t\t\t\t\t<div class=\"elementor-container elementor-column-gap-default\">\n\t\t\t\t\t<div class=\"elementor-column elementor-col-100 elementor-top-column elementor-element elementor-element-ca34f72\" data-id=\"ca34f72\" data-element_type=\"column\">\n\t\t\t<div class=\"elementor-widget-wrap elementor-element-populated\">\n\t\t\t\t\t\t\t\t<div class=\"elementor-element elementor-element-a865b97 elementor-widget elementor-widget-text-editor\" data-id=\"a865b97\" data-element_type=\"widget\" data-widget_type=\"text-editor.default\">\n\t\t\t\t<div class=\"elementor-widget-container\">\n\t\t\t\t\t<div class=\"elementor-text-editor elementor-clearfix\"><h4>Il est <strong>difficile<\/strong> aujourd&rsquo;hui de se procures un livre sur <strong>Surpac en Fran\u00e7ais<\/strong>. Les quelques rares livres que vous trouverez sont carr\u00e9ment inutile. Il ne vous guide en rien, ils n&rsquo;ont aucune <strong>image sch\u00e9matique<\/strong> vous indiquant comment proc\u00e9der. Et surtout ces livres ne vous montrerons pas <strong>comment ex\u00e9cut\u00e9 une tache<\/strong> du d\u00e9but jusqu&rsquo;\u00e0 la fin.\u00a0<\/h4><h4>Au d\u00e9but de ma formation sur Surpac, j&rsquo;avais vraiment besoin d&rsquo;un bon<strong> ebook en PDF<\/strong> qui me permettrait de glaner ma formation. Mais je n&rsquo;en trouvais pas. Je m&rsquo;\u00e9tais donc promis d&rsquo;en \u00e9crire un pour permettre \u00e0 ceux qui voudrons apprendre Surpac de trouver un ebook sur qui les aide vraiment.<\/h4><\/div>\n\t\t\t\t<\/div>\n\t\t\t\t<\/div>\n\t\t\t\t\t<\/div>\n\t\t<\/div>\n\t\t\t\t\t\t\t<\/div>\n\t\t<\/section>\n\t\t\t\t<section class=\"elementor-section elementor-top-section elementor-element elementor-element-8ba9db2 elementor-section-boxed elementor-section-height-default elementor-section-height-default\" data-id=\"8ba9db2\" data-element_type=\"section\">\n\t\t\t\t\t\t<div class=\"elementor-container elementor-column-gap-default\">\n\t\t\t\t\t<div class=\"elementor-column elementor-col-50 elementor-top-column elementor-element elementor-element-286e24b\" data-id=\"286e24b\" data-element_type=\"column\">\n\t\t\t<div class=\"elementor-widget-wrap elementor-element-populated\">\n\t\t\t\t\t\t\t\t<div class=\"elementor-element elementor-element-89e835a elementor-widget elementor-widget-image\" data-id=\"89e835a\" data-element_type=\"widget\" data-widget_type=\"image.default\">\n\t\t\t\t<div class=\"elementor-widget-container\">\n\t\t\t\t\t<div class=\"elementor-image\">\n\t\t\t\t\t\t\t\t\t\t<img width=\"1024\" height=\"565\" src=\"https:\/\/fr.geoguy.org\/jvzoo\/wp-content\/uploads\/sites\/4\/2021\/04\/Modelisation-geologique-3D-1024x565.jpg\" class=\"attachment-large size-large\" alt=\"formation surpac pdf : mod\u00e8le g\u00e9ologique 3D\" loading=\"lazy\" srcset=\"https:\/\/fr.geoguy.org\/jvzoo\/wp-content\/uploads\/sites\/4\/2021\/04\/Modelisation-geologique-3D-1024x565.jpg 1024w, https:\/\/fr.geoguy.org\/jvzoo\/wp-content\/uploads\/sites\/4\/2021\/04\/Modelisation-geologique-3D-300x166.jpg 300w, https:\/\/fr.geoguy.org\/jvzoo\/wp-content\/uploads\/sites\/4\/2021\/04\/Modelisation-geologique-3D-768x424.jpg 768w, https:\/\/fr.geoguy.org\/jvzoo\/wp-content\/uploads\/sites\/4\/2021\/04\/Modelisation-geologique-3D-1536x848.jpg 1536w, https:\/\/fr.geoguy.org\/jvzoo\/wp-content\/uploads\/sites\/4\/2021\/04\/Modelisation-geologique-3D.jpg 1920w\" sizes=\"(max-width: 1024px) 100vw, 1024px\" \/>\t\t\t\t\t\t\t\t\t\t\t<\/div>\n\t\t\t\t<\/div>\n\t\t\t\t<\/div>\n\t\t\t\t\t<\/div>\n\t\t<\/div>\n\t\t\t\t<div class=\"elementor-column elementor-col-50 elementor-top-column elementor-element elementor-element-760905a\" data-id=\"760905a\" data-element_type=\"column\">\n\t\t\t<div class=\"elementor-widget-wrap elementor-element-populated\">\n\t\t\t\t\t\t\t\t<div class=\"elementor-element elementor-element-0b40b0d elementor-widget elementor-widget-text-editor\" data-id=\"0b40b0d\" data-element_type=\"widget\" data-widget_type=\"text-editor.default\">\n\t\t\t\t<div class=\"elementor-widget-container\">\n\t\t\t\t\t<div class=\"elementor-text-editor elementor-clearfix\"><h4><strong>Ce que vous allez apprendre dans cet ebook.<\/strong><\/h4><\/div>\n\t\t\t\t<\/div>\n\t\t\t\t<\/div>\n\t\t\t\t<div class=\"elementor-element elementor-element-83fe0e2 elementor-icon-list--layout-traditional elementor-list-item-link-full_width elementor-widget elementor-widget-icon-list\" data-id=\"83fe0e2\" data-element_type=\"widget\" data-widget_type=\"icon-list.default\">\n\t\t\t\t<div class=\"elementor-widget-container\">\n\t\t\t\t\t<ul class=\"elementor-icon-list-items\">\n\t\t\t\t\t\t\t<li class=\"elementor-icon-list-item\">\n\t\t\t\t\t\t\t\t\t\t\t<span class=\"elementor-icon-list-icon\">\n\t\t\t\t\t\t\t<i aria-hidden=\"true\" class=\"fas fa-check\"><\/i>\t\t\t\t\t\t<\/span>\n\t\t\t\t\t\t\t\t\t\t<span class=\"elementor-icon-list-text\">Maitriser l'environnement de travail de Surpac: Son interface.<\/span>\n\t\t\t\t\t\t\t\t\t<\/li>\n\t\t\t\t\t\t\t\t<li class=\"elementor-icon-list-item\">\n\t\t\t\t\t\t\t\t\t\t\t<span class=\"elementor-icon-list-icon\">\n\t\t\t\t\t\t\t<i aria-hidden=\"true\" class=\"fas fa-check\"><\/i>\t\t\t\t\t\t<\/span>\n\t\t\t\t\t\t\t\t\t\t<span class=\"elementor-icon-list-text\">Comprendre la creation d'une base de donn\u00e9es dans Surpac \u00e0 partir des fichiers Excel. Et les afficher sous forme de puits de forage.<\/span>\n\t\t\t\t\t\t\t\t\t<\/li>\n\t\t\t\t\t\t\t\t<li class=\"elementor-icon-list-item\">\n\t\t\t\t\t\t\t\t\t\t\t<span class=\"elementor-icon-list-icon\">\n\t\t\t\t\t\t\t<i aria-hidden=\"true\" class=\"fas fa-check\"><\/i>\t\t\t\t\t\t<\/span>\n\t\t\t\t\t\t\t\t\t\t<span class=\"elementor-icon-list-text\">Apprendre \u00e0 digitaliser les zones min\u00e9raliser et faire des sections.<\/span>\n\t\t\t\t\t\t\t\t\t<\/li>\n\t\t\t\t\t\t\t\t<li class=\"elementor-icon-list-item\">\n\t\t\t\t\t\t\t\t\t\t\t<span class=\"elementor-icon-list-icon\">\n\t\t\t\t\t\t\t<i aria-hidden=\"true\" class=\"fas fa-check\"><\/i>\t\t\t\t\t\t<\/span>\n\t\t\t\t\t\t\t\t\t\t<span class=\"elementor-icon-list-text\">Faire les modeles 3D d'un gisement en dressant un solidmodel et un blockmodel.<\/span>\n\t\t\t\t\t\t\t\t\t<\/li>\n\t\t\t\t\t\t\t\t<li class=\"elementor-icon-list-item\">\n\t\t\t\t\t\t\t\t\t\t\t<span class=\"elementor-icon-list-icon\">\n\t\t\t\t\t\t\t<i aria-hidden=\"true\" class=\"fas fa-check\"><\/i>\t\t\t\t\t\t<\/span>\n\t\t\t\t\t\t\t\t\t\t<span class=\"elementor-icon-list-text\">Dessiner le foss\u00e9 d'une mine \u00e0 ciel ouvert (Pitdesign).<\/span>\n\t\t\t\t\t\t\t\t\t<\/li>\n\t\t\t\t\t\t<\/ul>\n\t\t\t\t<\/div>\n\t\t\t\t<\/div>\n\t\t\t\t\t<\/div>\n\t\t<\/div>\n\t\t\t\t\t\t\t<\/div>\n\t\t<\/section>\n\t\t\t\t<section class=\"elementor-section elementor-top-section elementor-element elementor-element-a55a06c elementor-section-boxed elementor-section-height-default elementor-section-height-default\" data-id=\"a55a06c\" data-element_type=\"section\" data-settings=\"{&quot;background_background&quot;:&quot;classic&quot;}\">\n\t\t\t\t\t\t<div class=\"elementor-container elementor-column-gap-default\">\n\t\t\t\t\t<div class=\"elementor-column elementor-col-16 elementor-top-column elementor-element elementor-element-20c5004\" data-id=\"20c5004\" data-element_type=\"column\">\n\t\t\t<div class=\"elementor-widget-wrap\">\n\t\t\t\t\t\t\t\t\t<\/div>\n\t\t<\/div>\n\t\t\t\t<div class=\"elementor-column elementor-col-66 elementor-top-column elementor-element elementor-element-0880ab1\" data-id=\"0880ab1\" data-element_type=\"column\">\n\t\t\t<div class=\"elementor-widget-wrap elementor-element-populated\">\n\t\t\t\t\t\t\t\t<div class=\"elementor-element elementor-element-fdf955d elementor-widget elementor-widget-text-editor\" data-id=\"fdf955d\" data-element_type=\"widget\" data-widget_type=\"text-editor.default\">\n\t\t\t\t<div class=\"elementor-widget-container\">\n\t\t\t\t\t<div class=\"elementor-text-editor elementor-clearfix\"><h3 style=\"text-align: center;\"><strong>Petit d\u00e9monstration<\/strong><\/h3><\/div>\n\t\t\t\t<\/div>\n\t\t\t\t<\/div>\n\t\t\t\t<div class=\"elementor-element elementor-element-bdd85c3 elementor-aspect-ratio-169 elementor-widget elementor-widget-video\" data-id=\"bdd85c3\" data-element_type=\"widget\" data-settings=\"{&quot;video_type&quot;:&quot;vimeo&quot;,&quot;aspect_ratio&quot;:&quot;169&quot;}\" data-widget_type=\"video.default\">\n\t\t\t\t<div class=\"elementor-widget-container\">\n\t\t\t\t\t<div class=\"elementor-wrapper elementor-fit-aspect-ratio elementor-open-inline\">\n\t\t\t<iframe class=\"elementor-video-iframe\" allowfullscreen title=\"Lecteur vid\u00e9o vimeo\" src=\"https:\/\/player.vimeo.com\/video\/421444371?color&amp;autopause=0&amp;loop=0&amp;muted=0&amp;title=1&amp;portrait=1&amp;byline=1#t=\"><\/iframe>\t\t<\/div>\n\t\t\t\t<\/div>\n\t\t\t\t<\/div>\n\t\t\t\t\t<\/div>\n\t\t<\/div>\n\t\t\t\t<div class=\"elementor-column elementor-col-16 elementor-top-column elementor-element elementor-element-ab5e050\" data-id=\"ab5e050\" data-element_type=\"column\">\n\t\t\t<div class=\"elementor-widget-wrap\">\n\t\t\t\t\t\t\t\t\t<\/div>\n\t\t<\/div>\n\t\t\t\t\t\t\t<\/div>\n\t\t<\/section>\n\t\t\t\t<section class=\"elementor-section elementor-top-section elementor-element elementor-element-a2d9ae4 elementor-section-boxed elementor-section-height-default elementor-section-height-default\" data-id=\"a2d9ae4\" data-element_type=\"section\">\n\t\t\t\t\t\t<div class=\"elementor-container elementor-column-gap-default\">\n\t\t\t\t\t<div class=\"elementor-column elementor-col-66 elementor-top-column elementor-element elementor-element-da08fd9\" data-id=\"da08fd9\" data-element_type=\"column\">\n\t\t\t<div class=\"elementor-widget-wrap elementor-element-populated\">\n\t\t\t\t\t\t\t\t<div class=\"elementor-element elementor-element-eb28eec elementor-widget elementor-widget-text-editor\" data-id=\"eb28eec\" data-element_type=\"widget\" data-widget_type=\"text-editor.default\">\n\t\t\t\t<div class=\"elementor-widget-container\">\n\t\t\t\t\t<div class=\"elementor-text-editor elementor-clearfix\"><h3><strong>Description de l&rsquo;ebook<\/strong><\/h3><\/div>\n\t\t\t\t<\/div>\n\t\t\t\t<\/div>\n\t\t\t\t<div class=\"elementor-element elementor-element-76611df elementor-icon-list--layout-traditional elementor-list-item-link-full_width elementor-widget elementor-widget-icon-list\" data-id=\"76611df\" data-element_type=\"widget\" data-widget_type=\"icon-list.default\">\n\t\t\t\t<div class=\"elementor-widget-container\">\n\t\t\t\t\t<ul class=\"elementor-icon-list-items\">\n\t\t\t\t\t\t\t<li class=\"elementor-icon-list-item\">\n\t\t\t\t\t\t\t\t\t\t\t<span class=\"elementor-icon-list-icon\">\n\t\t\t\t\t\t\t<i aria-hidden=\"true\" class=\"fas fa-check\"><\/i>\t\t\t\t\t\t<\/span>\n\t\t\t\t\t\t\t\t\t\t<span class=\"elementor-icon-list-text\">Titre: Guide pratique de Surpac.<\/span>\n\t\t\t\t\t\t\t\t\t<\/li>\n\t\t\t\t\t\t\t\t<li class=\"elementor-icon-list-item\">\n\t\t\t\t\t\t\t\t\t\t\t<span class=\"elementor-icon-list-icon\">\n\t\t\t\t\t\t\t<i aria-hidden=\"true\" class=\"fas fa-check\"><\/i>\t\t\t\t\t\t<\/span>\n\t\t\t\t\t\t\t\t\t\t<span class=\"elementor-icon-list-text\">Auteur: Guylain Katombe, Manager chez Geoguys.<\/span>\n\t\t\t\t\t\t\t\t\t<\/li>\n\t\t\t\t\t\t\t\t<li class=\"elementor-icon-list-item\">\n\t\t\t\t\t\t\t\t\t\t\t<span class=\"elementor-icon-list-icon\">\n\t\t\t\t\t\t\t<i aria-hidden=\"true\" class=\"fas fa-check\"><\/i>\t\t\t\t\t\t<\/span>\n\t\t\t\t\t\t\t\t\t\t<span class=\"elementor-icon-list-text\">Poids: 15,4\u00a0Mo<\/span>\n\t\t\t\t\t\t\t\t\t<\/li>\n\t\t\t\t\t\t\t\t<li class=\"elementor-icon-list-item\">\n\t\t\t\t\t\t\t\t\t\t\t<span class=\"elementor-icon-list-icon\">\n\t\t\t\t\t\t\t<i aria-hidden=\"true\" class=\"fas fa-check\"><\/i>\t\t\t\t\t\t<\/span>\n\t\t\t\t\t\t\t\t\t\t<span class=\"elementor-icon-list-text\">Nombre de pages: 210<\/span>\n\t\t\t\t\t\t\t\t\t<\/li>\n\t\t\t\t\t\t\t\t<li class=\"elementor-icon-list-item\">\n\t\t\t\t\t\t\t\t\t\t\t<span class=\"elementor-icon-list-icon\">\n\t\t\t\t\t\t\t<i aria-hidden=\"true\" class=\"fas fa-check\"><\/i>\t\t\t\t\t\t<\/span>\n\t\t\t\t\t\t\t\t\t\t<span class=\"elementor-icon-list-text\">Date d'\u00e9dition: 25 Mars 2019<\/span>\n\t\t\t\t\t\t\t\t\t<\/li>\n\t\t\t\t\t\t\t\t<li class=\"elementor-icon-list-item\">\n\t\t\t\t\t\t\t\t\t\t\t<span class=\"elementor-icon-list-icon\">\n\t\t\t\t\t\t\t<i aria-hidden=\"true\" class=\"fas fa-check\"><\/i>\t\t\t\t\t\t<\/span>\n\t\t\t\t\t\t\t\t\t\t<span class=\"elementor-icon-list-text\">Format: PDF<\/span>\n\t\t\t\t\t\t\t\t\t<\/li>\n\t\t\t\t\t\t<\/ul>\n\t\t\t\t<\/div>\n\t\t\t\t<\/div>\n\t\t\t\t\t<\/div>\n\t\t<\/div>\n\t\t\t\t<div class=\"elementor-column elementor-col-33 elementor-top-column elementor-element elementor-element-e0fe673\" data-id=\"e0fe673\" data-element_type=\"column\">\n\t\t\t<div class=\"elementor-widget-wrap elementor-element-populated\">\n\t\t\t\t\t\t\t\t<div class=\"elementor-element elementor-element-ff58e0c elementor-widget elementor-widget-text-editor\" data-id=\"ff58e0c\" data-element_type=\"widget\" data-widget_type=\"text-editor.default\">\n\t\t\t\t<div class=\"elementor-widget-container\">\n\t\t\t\t\t<div class=\"elementor-text-editor elementor-clearfix\"><h3><strong>T\u00e9moignage<\/strong><\/h3><\/div>\n\t\t\t\t<\/div>\n\t\t\t\t<\/div>\n\t\t\t\t<div class=\"elementor-element elementor-element-7adc8a8 elementor-widget elementor-widget-image\" data-id=\"7adc8a8\" data-element_type=\"widget\" data-widget_type=\"image.default\">\n\t\t\t\t<div class=\"elementor-widget-container\">\n\t\t\t\t\t<div class=\"elementor-image\">\n\t\t\t\t\t\t\t\t\t\t<img width=\"561\" height=\"569\" src=\"https:\/\/fr.geoguy.org\/jvzoo\/wp-content\/uploads\/sites\/4\/2021\/04\/Temoignage-surpac-geomod.png\" class=\"attachment-large size-large\" alt=\"temoignage formation surpac pdf : ebook guide pratique Surpac\" loading=\"lazy\" srcset=\"https:\/\/fr.geoguy.org\/jvzoo\/wp-content\/uploads\/sites\/4\/2021\/04\/Temoignage-surpac-geomod.png 561w, https:\/\/fr.geoguy.org\/jvzoo\/wp-content\/uploads\/sites\/4\/2021\/04\/Temoignage-surpac-geomod-296x300.png 296w\" sizes=\"(max-width: 561px) 100vw, 561px\" \/>\t\t\t\t\t\t\t\t\t\t\t<\/div>\n\t\t\t\t<\/div>\n\t\t\t\t<\/div>\n\t\t\t\t\t<\/div>\n\t\t<\/div>\n\t\t\t\t\t\t\t<\/div>\n\t\t<\/section>\n\t\t\t\t<section class=\"elementor-section elementor-top-section elementor-element elementor-element-b1ea732 elementor-section-boxed elementor-section-height-default elementor-section-height-default\" data-id=\"b1ea732\" data-element_type=\"section\" data-settings=\"{&quot;background_background&quot;:&quot;classic&quot;}\">\n\t\t\t\t\t\t<div class=\"elementor-container elementor-column-gap-default\">\n\t\t\t\t\t<div class=\"elementor-column elementor-col-16 elementor-top-column elementor-element elementor-element-58dfced\" data-id=\"58dfced\" data-element_type=\"column\">\n\t\t\t<div class=\"elementor-widget-wrap\">\n\t\t\t\t\t\t\t\t\t<\/div>\n\t\t<\/div>\n\t\t\t\t<div class=\"elementor-column elementor-col-66 elementor-top-column elementor-element elementor-element-0b5f39c\" data-id=\"0b5f39c\" data-element_type=\"column\">\n\t\t\t<div class=\"elementor-widget-wrap elementor-element-populated\">\n\t\t\t\t\t\t\t\t<div class=\"elementor-element elementor-element-1e62e20 elementor-widget__width-inherit elementor-widget elementor-widget-html\" data-id=\"1e62e20\" data-element_type=\"widget\" data-widget_type=\"html.default\">\n\t\t\t\t<div class=\"elementor-widget-container\">\n\t\t\t<a href=\"https:\/\/www.jvzoo.com\/b\/0\/347859\/9\"><img src=\"https:\/\/i.jvzoo.com\/0\/347859\/9\" alt=\"Ebook Guide pratique de Surpac\" border=\"0\" \/><\/a>\t\t<\/div>\n\t\t\t\t<\/div>\n\t\t\t\t\t<\/div>\n\t\t<\/div>\n\t\t\t\t<div class=\"elementor-column elementor-col-16 elementor-top-column elementor-element elementor-element-f099914\" data-id=\"f099914\" data-element_type=\"column\">\n\t\t\t<div class=\"elementor-widget-wrap\">\n\t\t\t\t\t\t\t\t\t<\/div>\n\t\t<\/div>\n\t\t\t\t\t\t\t<\/div>\n\t\t<\/section>\n\t\t\t\t\t\t<\/div>\n\t\t\t\t\t<\/div>\n\t\t","protected":false},"excerpt":{"rendered":"<p>Aimeriez-vous avoir une meilleure Formation Surpac en PDF. Etre guid\u00e9 pas \u00e0 pas jusqu&rsquo;\u00e0 la maitrise de la mod\u00e9lisation 3D avec Surpac. Avoir un document &hellip; <\/p>\n","protected":false},"author":1,"featured_media":92,"parent":0,"menu_order":0,"comment_status":"closed","ping_status":"closed","template":"blank-slate-template.php","meta":[],"_links":{"self":[{"href":"https:\/\/fr.geoguy.org\/jvzoo\/wp-json\/wp\/v2\/pages\/90"}],"collection":[{"href":"https:\/\/fr.geoguy.org\/jvzoo\/wp-json\/wp\/v2\/pages"}],"about":[{"href":"https:\/\/fr.geoguy.org\/jvzoo\/wp-json\/wp\/v2\/types\/page"}],"author":[{"embeddable":true,"href":"https:\/\/fr.geoguy.org\/jvzoo\/wp-json\/wp\/v2\/users\/1"}],"replies":[{"embeddable":true,"href":"https:\/\/fr.geoguy.org\/jvzoo\/wp-json\/wp\/v2\/comments?post=90"}],"version-history":[{"count":0,"href":"https:\/\/fr.geoguy.org\/jvzoo\/wp-json\/wp\/v2\/pages\/90\/revisions"}],"wp:featuredmedia":[{"embeddable":true,"href":"https:\/\/fr.geoguy.org\/jvzoo\/wp-json\/wp\/v2\/media\/92"}],"wp:attachment":[{"href":"https:\/\/fr.geoguy.org\/jvzoo\/wp-json\/wp\/v2\/media?parent=90"}],"curies":[{"name":"wp","href":"https:\/\/api.w.org\/{rel}","templated":true}]}}